{"id":8299,"date":"2024-02-08T04:26:04","date_gmt":"2024-02-08T04:26:04","guid":{"rendered":"https:\/\/oz0sgulpdx.onrocket.site\/ugc-policy\/"},"modified":"2025-11-19T18:31:59","modified_gmt":"2025-11-19T18:31:59","slug":"ugc-policy","status":"publish","type":"page","link":"https:\/\/zupreem.eu.com\/sv\/ugc-policy\/","title":{"rendered":"UGC-policy"},"content":{"rendered":"\t\t<div data-elementor-type=\"wp-page\" data-elementor-id=\"8299\" class=\"elementor elementor-8299 elementor-5976\" data-elementor-post-type=\"page\">\n\t\t\t\t<div class=\"elementor-element elementor-element-f42c335 e-flex e-con-boxed e-con e-parent\" data-id=\"f42c335\" data-element_type=\"container\" data-e-type=\"container\">\n\t\t\t\t\t<div class=\"e-con-inner\">\n\t\t\t\t<div class=\"elementor-element elementor-element-307342a elementor-widget elementor-widget-heading\" data-id=\"307342a\" data-element_type=\"widget\" data-e-type=\"widget\" data-widget_type=\"heading.default\">\n\t\t\t\t<div class=\"elementor-widget-container\">\n\t\t\t\t\t<h2 class=\"elementor-heading-title elementor-size-default\">UGC-policy<\/h2>\t\t\t\t<\/div>\n\t\t\t\t<\/div>\n\t\t\t\t<div class=\"elementor-element elementor-element-a75d9f9 ugclink elementor-widget elementor-widget-text-editor\" data-id=\"a75d9f9\" data-element_type=\"widget\" data-e-type=\"widget\" data-widget_type=\"text-editor.default\">\n\t\t\t\t<div class=\"elementor-widget-container\">\n\t\t\t\t\t\t\t\t\t<p><strong>Villkor f\u00f6r anv\u00e4ndargenererat inneh\u00e5ll<\/strong><\/p><p>Vi (Zupreem d\/b\/a Compana Pet Brands eller \u201dCompana\u201d) \u00e4lskar att interagera med v\u00e5ra konsumenter och husdjurs\u00e4gare och \u00e4r intresserade av vad ni har att s\u00e4ga p\u00e5 era sociala mediekonton. Ibland hittar vi inneh\u00e5ll som anv\u00e4ndare som du kan publicera p\u00e5 dessa olika plattformar, inklusive men inte begr\u00e4nsat till Twitter\/X, TikTok, Instagram, Threads, Pinterest, YouTube och Facebook, som tilltalar oss och som vi g\u00e4rna vill visa f\u00f6r andra. Du f\u00f6rst\u00e5r att s\u00e5dant inneh\u00e5ll kan inkludera fotografier, text, videor, grafik och information om dig, s\u00e5som ditt anv\u00e4ndarnamn, personnamn, sociala mediekonto, din bild, likhet, bild, portr\u00e4tt och ljudet av din r\u00f6st, ditt husdjurs namn, bild och likhet, och alla andra fotografiska eller digitala representationer av dig och\/eller ditt husdjur, etc. som du g\u00f6r tillg\u00e4ngliga p\u00e5 den onlineplattform som inneh\u00e5llet kommer fr\u00e5n (gemensamt kallade \u201dInneh\u00e5llet\u201d). Dessa villkor f\u00f6r anv\u00e4ndargenererat inneh\u00e5ll handlar om hur vi ber om ditt tillst\u00e5nd att dela ditt inneh\u00e5ll och de villkor som g\u00e4ller f\u00f6r dig och oss n\u00e4r vi g\u00f6r det.   <\/p><p>Om du svarar p\u00e5 v\u00e5r beg\u00e4ran om tillst\u00e5nd att anv\u00e4nda ditt inneh\u00e5ll med #YesZuPreem, godk\u00e4nner du dessa villkor f\u00f6r anv\u00e4ndargenererat inneh\u00e5ll:<\/p><ol><li>Du f\u00f6rs\u00e4krar och garanterar att:<ol><li>Du \u00e4r myndig arton (18) \u00e5r eller \u00e4ldre och har laglig bos\u00e4ttning i Amerikas f\u00f6renta stater (dvs. dess femtio stater och District of Columbia);<\/li><li>Inneh\u00e5llet \u00e4r originalinneh\u00e5llet f\u00f6r dig, och du \u00e4r ensam \u00e4gare, skapare och\/eller f\u00f6rfattare till Inneh\u00e5llet;<\/li><li>Du \u00e4r den lagliga \u00e4garen till varje husdjur som f\u00f6rekommer i Inneh\u00e5llet;<\/li><li>Du har samtycke eller tillst\u00e5nd fr\u00e5n alla personer som f\u00f6rekommer i Inneh\u00e5llet att ge oss r\u00e4ttigheter att anv\u00e4nda Inneh\u00e5llet enligt beskrivningen i dessa villkor f\u00f6r anv\u00e4ndargenererat inneh\u00e5ll. Om s\u00e5dan person\/personer \u00e4r minder\u00e5riga har du r\u00e4tt att ge tillst\u00e5nd till v\u00e5r anv\u00e4ndning av Inneh\u00e5llet f\u00f6r alla minder\u00e5riga som f\u00f6rekommer i Inneh\u00e5llet. <\/li><li>Du har l\u00e4st och samtycker till att f\u00f6lja alla villkor i dessa villkor f\u00f6r anv\u00e4ndargenererat inneh\u00e5ll och v\u00e5r integritetspolicy (<a href=\"https:\/\/companapetbrandsuk.com\/privacy\" target=\"_blank\" rel=\"noopener\">https:\/\/companapetbrandsuk.com\/privacy<\/a>); och<\/li><li>Du ska gottg\u00f6ra, f\u00f6rsvara och h\u00e5lla oss, v\u00e5ra dotterbolag och tredjepartsleverant\u00f6rer skadesl\u00f6sa fr\u00e5n alla anspr\u00e5k, skulder, skador, b\u00f6ter eller andra kostnader, inklusive rimliga advokatarvoden som uppst\u00e5r till f\u00f6ljd av v\u00e5r innehav eller anv\u00e4ndning av n\u00e5got av ditt inneh\u00e5ll.<\/li><\/ol><\/li><\/ol><ol start=\"2\"><li>H\u00e4rmed beviljar du Compana och dess n\u00e4rst\u00e5ende bolag och dotterbolag en icke-exklusiv, royaltyfri, evig, o\u00e5terkallelig, obegr\u00e4nsad, v\u00e4rldsomsp\u00e4nnande och fullt vidarelicensierbar licens och r\u00e4tt att anv\u00e4nda, reproducera, modifiera, anpassa, publicera, \u00f6vers\u00e4tta, skapa h\u00e4rledda verk av, distribuera och visa ditt Inneh\u00e5ll. S\u00e5dan anv\u00e4ndning av Compana kan ske i vilket medium som helst d\u00e4r ditt Inneh\u00e5ll kan ing\u00e5, helt eller delvis, eller som ett sammansatt verk, eller i reproduktioner skapade f\u00f6r detta \u00e4ndam\u00e5l, inklusive men inte begr\u00e4nsat till produktf\u00f6rpackningar, nyheter, reklam, kampanjer, utbildning, handel, nya medier eller teknik som blir tillg\u00e4ngliga i framtiden, eller f\u00f6r n\u00e5got annat liknande lagligt syfte \u2014 utan ytterligare ers\u00e4ttning, utom d\u00e4r detta \u00e4r f\u00f6rbjudet enligt lag (gemensamt kallat \u201dCompana-materialet\u201d).<br>Det finns ingen tidsm\u00e4ssig eller geografisk begr\u00e4nsning f\u00f6r hur l\u00e4nge eller var ditt Inneh\u00e5ll f\u00e5r publiceras, distribueras eller p\u00e5 annat s\u00e4tt anv\u00e4ndas. Du avs\u00e4ger dig h\u00e4rmed r\u00e4tten att granska och\/eller godk\u00e4nna det Compana-material d\u00e4r ditt Inneh\u00e5ll kan anv\u00e4ndas. Allt Inneh\u00e5ll som tillhandah\u00e5lls Compana i syfte att inkluderas i Compana-materialet blir Companas egendom och kommer inte att \u00e5terl\u00e4mnas till dig.<br>Inget i detta dokument hindrar dig dock fr\u00e5n att skicka en skriftlig beg\u00e4ran till Compana om att ta bort ditt Inneh\u00e5ll fr\u00e5n Compana-material som rimligen st\u00e5r under Companas kontroll. Vid mottagandet av en s\u00e5dan beg\u00e4ran ska Compana vidta rimliga \u00e5tg\u00e4rder f\u00f6r att ta bort alla f\u00f6rekomster av Inneh\u00e5llet inom Compana-materialet. Du f\u00f6rst\u00e5r att Compana kanske inte har m\u00f6jlighet att ta bort alla publiceringar eller visningar av Compana-materialet som inneh\u00e5ller ditt Inneh\u00e5ll.       <\/li><\/ol><ol start=\"3\"><li>Du samtycker till att vi inte har n\u00e5gon skyldighet att anv\u00e4nda ditt inneh\u00e5ll eller ditt namn eller annan identifierande information. V\u00e5r anv\u00e4ndning av inneh\u00e5llet inneb\u00e4r inte att vi st\u00f6der eller har n\u00e5gon anknytning till dig. <\/li><\/ol><ol start=\"4\"><li>Du f\u00f6rst\u00e5r och samtycker till att du inte kommer att erh\u00e5lla n\u00e5gon ekonomisk ers\u00e4ttning f\u00f6r anv\u00e4ndning av Inneh\u00e5llet enligt vad som anges h\u00e4ri, och dessa Villkor f\u00f6r Anv\u00e4ndargenererat Inneh\u00e5ll skapar inte n\u00e5gon form av uttryckligt eller underf\u00f6rst\u00e5tt anst\u00e4llningsavtal eller anst\u00e4llningsskyldighet.<\/li><\/ol><ol start=\"5\"><li>V\u00e5r insamling och anv\u00e4ndning av dina personuppgifter regleras av v\u00e5r <a href=\"https:\/\/companapetbrandsuk.com\/privacy\" target=\"_blank\" rel=\"noopener\">integritetspolicy<\/a>. F\u00f6r information om vilka typer av personuppgifter vi samlar in, de tredje parter och tj\u00e4nsteleverant\u00f6rer vi kan komma att dela dina uppgifter med, v\u00e5ra rutiner f\u00f6r datalagring och eventuella r\u00e4ttigheter och val du har g\u00e4llande dina personuppgifter, v\u00e4nligen l\u00e4s v\u00e5r integritetspolicy. Genom att l\u00e4mna personuppgifter till oss samtycker du till att vi f\u00e5r behandla dina personuppgifter enligt v\u00e5r <a href=\"https:\/\/companapetbrandsuk.com\/privacy\" target=\"_blank\" rel=\"noopener\">integritetspolicy<\/a>.  <\/li><\/ol><ol start=\"6\"><li>Du friskriver h\u00e4rmed Compana fr\u00e5n, och f\u00f6rbinder dig att inte st\u00e4mma Compana f\u00f6r, n\u00e5gra anspr\u00e5k, krav och r\u00e4ttsliga \u00e5tg\u00e4rder som du och\/eller dina arvingar, ombud, testamentsexekutorer, f\u00f6rvaltare eller andra kontaktpersoner som agerar p\u00e5 uppdrag av ditt d\u00f6dsbo har eller kan ha p\u00e5 grund av detta godk\u00e4nnande; inklusive alla anspr\u00e5k eller r\u00e4ttsliga \u00e5tg\u00e4rder, oavsett om de \u00e4r k\u00e4nda eller ok\u00e4nda, f\u00f6r f\u00f6rtal, kr\u00e4nkning av privatlivet, publicitetsr\u00e4tten eller personlighetsr\u00e4tten, eller andra anspr\u00e5k eller r\u00e4ttsliga \u00e5tg\u00e4rder, baserade p\u00e5 eller i samband med ut\u00f6vandet av n\u00e5gon av de r\u00e4ttigheter som avses i dessa villkor f\u00f6r anv\u00e4ndargenererat inneh\u00e5ll.<\/li><\/ol><ol start=\"7\"><li>Dessa villkor f\u00f6r anv\u00e4ndargenererat inneh\u00e5ll anger hela parternas f\u00f6rst\u00e5else och avtal avseende \u00e4mnet h\u00e4ri och ers\u00e4tter alla andra muntliga eller skriftliga utf\u00e4stelser och \u00f6verenskommelser. Du samtycker till att lagarna i Amerikas f\u00f6renta stater och delstaten Missouris interna lagar ska g\u00e4lla f\u00f6r alla fr\u00e5gor som r\u00f6r dessa villkor f\u00f6r anv\u00e4ndargenererat inneh\u00e5ll utan h\u00e4nsyn till best\u00e4mmelser om lagval. Alla r\u00e4ttsliga \u00e5tg\u00e4rder eller f\u00f6rfaranden som r\u00f6r anv\u00e4ndningen av denna webbplats ska v\u00e4ckas i en delstats- eller federal domstol i Missouri. Du samtycker till att underkasta dig jurisdiktionen hos, och acceptera att domstolsorten \u00e4r korrekt i, dessa domstolar i alla s\u00e5dana r\u00e4ttsliga \u00e5tg\u00e4rder eller f\u00f6rfaranden.   <\/li><\/ol>\t\t\t\t\t\t\t\t<\/div>\n\t\t\t\t<\/div>\n\t\t\t\t\t<\/div>\n\t\t\t\t<\/div>\n\t\t\t\t<\/div>\n\t\t","protected":false},"excerpt":{"rendered":"<p>UGC-policy Villkor f\u00f6r anv\u00e4ndargenererat inneh\u00e5ll Vi (Zupreem d\/b\/a Compana Pet Brands eller \u201dCompana\u201d) \u00e4lskar att interagera med v\u00e5ra konsumenter och husdjurs\u00e4gare och \u00e4r intresserade av vad ni har att s\u00e4ga p\u00e5 era sociala mediekonton. Ibland hittar vi inneh\u00e5ll som anv\u00e4ndare som du kan publicera p\u00e5 dessa olika plattformar, inklusive men inte begr\u00e4nsat till Twitter\/X, TikTok, [&hellip;]<\/p>\n","protected":false},"author":2,"featured_media":0,"parent":0,"menu_order":0,"comment_status":"closed","ping_status":"closed","template":"","meta":{"_acf_changed":false,"inline_featured_image":false,"_monsterinsights_skip_tracking":false,"_monsterinsights_sitenote_active":false,"_monsterinsights_sitenote_note":"","_monsterinsights_sitenote_category":0,"site-sidebar-layout":"no-sidebar","site-content-layout":"page-builder","ast-site-content-layout":"default","site-content-style":"default","site-sidebar-style":"default","ast-global-header-display":"","ast-banner-title-visibility":"","ast-main-header-display":"","ast-hfb-above-header-display":"","ast-hfb-below-header-display":"","ast-hfb-mobile-header-display":"","site-post-title":"disabled","ast-breadcrumbs-content":"","ast-featured-img":"disabled","footer-sml-layout":"","ast-disable-related-posts":"","theme-transparent-header-meta":"","adv-header-id-meta":"","stick-header-meta":"","header-above-stick-meta":"","header-main-stick-meta":"","header-below-stick-meta":"","astra-migrate-meta-layouts":"default","ast-page-background-enabled":"default","ast-page-background-meta":{"desktop":{"background-color":"var(--ast-global-color-4)","background-image":"","background-repeat":"repeat","background-position":"center center","background-size":"auto","background-attachment":"scroll","background-type":"","background-media":"","overlay-type":"","overlay-color":"","overlay-opacity":"","overlay-gradient":""},"tablet":{"background-color":"","background-image":"","background-repeat":"repeat","background-position":"center center","background-size":"auto","background-attachment":"scroll","background-type":"","background-media":"","overlay-type":"","overlay-color":"","overlay-opacity":"","overlay-gradient":""},"mobile":{"background-color":"","background-image":"","background-repeat":"repeat","background-position":"center center","background-size":"auto","background-attachment":"scroll","background-type":"","background-media":"","overlay-type":"","overlay-color":"","overlay-opacity":"","overlay-gradient":""}},"ast-content-background-meta":{"desktop":{"background-color":"var(--ast-global-color-5)","background-image":"","background-repeat":"repeat","background-position":"center center","background-size":"auto","background-attachment":"scroll","background-type":"","background-media":"","overlay-type":"","overlay-color":"","overlay-opacity":"","overlay-gradient":""},"tablet":{"background-color":"var(--ast-global-color-5)","background-image":"","background-repeat":"repeat","background-position":"center center","background-size":"auto","background-attachment":"scroll","background-type":"","background-media":"","overlay-type":"","overlay-color":"","overlay-opacity":"","overlay-gradient":""},"mobile":{"background-color":"var(--ast-global-color-5)","background-image":"","background-repeat":"repeat","background-position":"center center","background-size":"auto","background-attachment":"scroll","background-type":"","background-media":"","overlay-type":"","overlay-color":"","overlay-opacity":"","overlay-gradient":""}},"footnotes":""},"class_list":["post-8299","page","type-page","status-publish","hentry"],"acf":[],"_links":{"self":[{"href":"https:\/\/zupreem.eu.com\/sv\/wp-json\/wp\/v2\/pages\/8299","targetHints":{"allow":["GET"]}}],"collection":[{"href":"https:\/\/zupreem.eu.com\/sv\/wp-json\/wp\/v2\/pages"}],"about":[{"href":"https:\/\/zupreem.eu.com\/sv\/wp-json\/wp\/v2\/types\/page"}],"author":[{"embeddable":true,"href":"https:\/\/zupreem.eu.com\/sv\/wp-json\/wp\/v2\/users\/2"}],"replies":[{"embeddable":true,"href":"https:\/\/zupreem.eu.com\/sv\/wp-json\/wp\/v2\/comments?post=8299"}],"version-history":[{"count":2,"href":"https:\/\/zupreem.eu.com\/sv\/wp-json\/wp\/v2\/pages\/8299\/revisions"}],"predecessor-version":[{"id":8583,"href":"https:\/\/zupreem.eu.com\/sv\/wp-json\/wp\/v2\/pages\/8299\/revisions\/8583"}],"wp:attachment":[{"href":"https:\/\/zupreem.eu.com\/sv\/wp-json\/wp\/v2\/media?parent=8299"}],"curies":[{"name":"wp","href":"https:\/\/api.w.org\/{rel}","templated":true}]}}