{"id":8285,"date":"2024-01-24T06:59:45","date_gmt":"2024-01-24T06:59:45","guid":{"rendered":"https:\/\/oz0sgulpdx.onrocket.site\/nojdhetsgaranti-compana-pet-brands-policyer\/"},"modified":"2025-11-05T20:09:48","modified_gmt":"2025-11-05T20:09:48","slug":"nojdhetsgaranti-compana-pet-brands-policyer","status":"publish","type":"page","link":"https:\/\/zupreem.eu.com\/sv\/nojdhetsgaranti-compana-pet-brands-policyer\/","title":{"rendered":"N\u00f6jdhetsgaranti | Compana Pet Brands policyer"},"content":{"rendered":"\t\t<div data-elementor-type=\"wp-page\" data-elementor-id=\"8285\" class=\"elementor elementor-8285 elementor-5171\" data-elementor-post-type=\"page\">\n\t\t\t\t<div class=\"elementor-element elementor-element-37ad918 e-flex e-con-boxed e-con e-parent\" data-id=\"37ad918\" data-element_type=\"container\" data-e-type=\"container\">\n\t\t\t\t\t<div class=\"e-con-inner\">\n\t\t\t\t<div class=\"elementor-element elementor-element-b30460c elementor-widget elementor-widget-heading\" data-id=\"b30460c\" data-element_type=\"widget\" data-e-type=\"widget\" data-widget_type=\"heading.default\">\n\t\t\t\t<div class=\"elementor-widget-container\">\n\t\t\t\t\t<h2 class=\"elementor-heading-title elementor-size-default\">Inte n\u00f6jd? H\u00f6r av dig! <\/h2>\t\t\t\t<\/div>\n\t\t\t\t<\/div>\n\t\t\t\t<div class=\"elementor-element elementor-element-69cf105 elementor-widget elementor-widget-text-editor\" data-id=\"69cf105\" data-element_type=\"widget\" data-e-type=\"widget\" data-widget_type=\"text-editor.default\">\n\t\t\t\t<div class=\"elementor-widget-container\">\n\t\t\t\t\t\t\t\t\t<p>Compana Pet Brands har \u00e5tagit sig att tillhandah\u00e5lla h\u00f6gkvalitativa produkter f\u00f6r att hj\u00e4lpa m\u00e4nniskor och deras f\u00f6ljeslagare att leva lyckligare och h\u00e4lsosammare liv tillsammans. Det \u00e4r d\u00e4rf\u00f6r vi stolt st\u00e5r bakom v\u00e5ra produkter och kvalitetskontroller f\u00f6r alla v\u00e5ra varum\u00e4rken. <\/p><p>Om du \u00e4r missn\u00f6jd med produkten du k\u00f6pt fr\u00e5n oss eller en av v\u00e5ra auktoriserade s\u00e4ljare, v\u00e4nligen l\u00e4s <a href=\"https:\/\/companapetbrands.com\/compana-satisfaction-guarantee-policy\" target=\"_blank\" rel=\"noopener\">Companas n\u00f6jdhetsgarantipolicy<\/a> f\u00f6r detaljerade instruktioner om hur du skickar in din \u00e5terbetalningsbeg\u00e4ran.<\/p>\t\t\t\t\t\t\t\t<\/div>\n\t\t\t\t<\/div>\n\t\t\t\t\t<\/div>\n\t\t\t\t<\/div>\n\t\t\t\t<\/div>\n\t\t","protected":false},"excerpt":{"rendered":"<p>Inte n\u00f6jd? H\u00f6r av dig! Compana Pet Brands har \u00e5tagit sig att tillhandah\u00e5lla h\u00f6gkvalitativa produkter f\u00f6r att hj\u00e4lpa m\u00e4nniskor och deras f\u00f6ljeslagare att leva lyckligare och h\u00e4lsosammare liv tillsammans. Det \u00e4r d\u00e4rf\u00f6r vi stolt st\u00e5r bakom v\u00e5ra produkter och kvalitetskontroller f\u00f6r alla v\u00e5ra varum\u00e4rken. Om du \u00e4r missn\u00f6jd med produkten du k\u00f6pt fr\u00e5n oss eller [&hellip;]<\/p>\n","protected":false},"author":2,"featured_media":0,"parent":0,"menu_order":0,"comment_status":"closed","ping_status":"closed","template":"","meta":{"_acf_changed":false,"inline_featured_image":false,"_monsterinsights_skip_tracking":false,"_monsterinsights_sitenote_active":false,"_monsterinsights_sitenote_note":"","_monsterinsights_sitenote_category":0,"site-sidebar-layout":"no-sidebar","site-content-layout":"page-builder","ast-site-content-layout":"default","site-content-style":"default","site-sidebar-style":"default","ast-global-header-display":"","ast-banner-title-visibility":"","ast-main-header-display":"","ast-hfb-above-header-display":"","ast-hfb-below-header-display":"","ast-hfb-mobile-header-display":"","site-post-title":"disabled","ast-breadcrumbs-content":"","ast-featured-img":"disabled","footer-sml-layout":"","ast-disable-related-posts":"","theme-transparent-header-meta":"","adv-header-id-meta":"","stick-header-meta":"","header-above-stick-meta":"","header-main-stick-meta":"","header-below-stick-meta":"","astra-migrate-meta-layouts":"default","ast-page-background-enabled":"default","ast-page-background-meta":{"desktop":{"background-color":"var(--ast-global-color-4)","background-image":"","background-repeat":"repeat","background-position":"center center","background-size":"auto","background-attachment":"scroll","background-type":"","background-media":"","overlay-type":"","overlay-color":"","overlay-opacity":"","overlay-gradient":""},"tablet":{"background-color":"","background-image":"","background-repeat":"repeat","background-position":"center center","background-size":"auto","background-attachment":"scroll","background-type":"","background-media":"","overlay-type":"","overlay-color":"","overlay-opacity":"","overlay-gradient":""},"mobile":{"background-color":"","background-image":"","background-repeat":"repeat","background-position":"center center","background-size":"auto","background-attachment":"scroll","background-type":"","background-media":"","overlay-type":"","overlay-color":"","overlay-opacity":"","overlay-gradient":""}},"ast-content-background-meta":{"desktop":{"background-color":"var(--ast-global-color-5)","background-image":"","background-repeat":"repeat","background-position":"center center","background-size":"auto","background-attachment":"scroll","background-type":"","background-media":"","overlay-type":"","overlay-color":"","overlay-opacity":"","overlay-gradient":""},"tablet":{"background-color":"var(--ast-global-color-5)","background-image":"","background-repeat":"repeat","background-position":"center center","background-size":"auto","background-attachment":"scroll","background-type":"","background-media":"","overlay-type":"","overlay-color":"","overlay-opacity":"","overlay-gradient":""},"mobile":{"background-color":"var(--ast-global-color-5)","background-image":"","background-repeat":"repeat","background-position":"center center","background-size":"auto","background-attachment":"scroll","background-type":"","background-media":"","overlay-type":"","overlay-color":"","overlay-opacity":"","overlay-gradient":""}},"footnotes":""},"class_list":["post-8285","page","type-page","status-publish","hentry"],"acf":[],"_links":{"self":[{"href":"https:\/\/zupreem.eu.com\/sv\/wp-json\/wp\/v2\/pages\/8285","targetHints":{"allow":["GET"]}}],"collection":[{"href":"https:\/\/zupreem.eu.com\/sv\/wp-json\/wp\/v2\/pages"}],"about":[{"href":"https:\/\/zupreem.eu.com\/sv\/wp-json\/wp\/v2\/types\/page"}],"author":[{"embeddable":true,"href":"https:\/\/zupreem.eu.com\/sv\/wp-json\/wp\/v2\/users\/2"}],"replies":[{"embeddable":true,"href":"https:\/\/zupreem.eu.com\/sv\/wp-json\/wp\/v2\/comments?post=8285"}],"version-history":[{"count":1,"href":"https:\/\/zupreem.eu.com\/sv\/wp-json\/wp\/v2\/pages\/8285\/revisions"}],"predecessor-version":[{"id":8286,"href":"https:\/\/zupreem.eu.com\/sv\/wp-json\/wp\/v2\/pages\/8285\/revisions\/8286"}],"wp:attachment":[{"href":"https:\/\/zupreem.eu.com\/sv\/wp-json\/wp\/v2\/media?parent=8285"}],"curies":[{"name":"wp","href":"https:\/\/api.w.org\/{rel}","templated":true}]}}