{"id":8295,"date":"2024-02-08T04:26:04","date_gmt":"2024-02-08T04:26:04","guid":{"rendered":"https:\/\/oz0sgulpdx.onrocket.site\/polityka-dotyczaca-tresci-generowanych-przez-uzytkownikow\/"},"modified":"2025-11-19T18:24:51","modified_gmt":"2025-11-19T18:24:51","slug":"polityka-dotyczaca-tresci-generowanych-przez-uzytkownikow","status":"publish","type":"page","link":"https:\/\/zupreem.eu.com\/pl\/polityka-dotyczaca-tresci-generowanych-przez-uzytkownikow\/","title":{"rendered":"Polityka dotycz\u0105ca tre\u015bci generowanych przez u\u017cytkownik\u00f3w"},"content":{"rendered":"\t\t<div data-elementor-type=\"wp-page\" data-elementor-id=\"8295\" class=\"elementor elementor-8295 elementor-5976\" data-elementor-post-type=\"page\">\n\t\t\t\t<div class=\"elementor-element elementor-element-f42c335 e-flex e-con-boxed e-con e-parent\" data-id=\"f42c335\" data-element_type=\"container\" data-e-type=\"container\">\n\t\t\t\t\t<div class=\"e-con-inner\">\n\t\t\t\t<div class=\"elementor-element elementor-element-307342a elementor-widget elementor-widget-heading\" data-id=\"307342a\" data-element_type=\"widget\" data-e-type=\"widget\" data-widget_type=\"heading.default\">\n\t\t\t\t<div class=\"elementor-widget-container\">\n\t\t\t\t\t<h2 class=\"elementor-heading-title elementor-size-default\">Polityka dotycz\u0105ca tre\u015bci generowanych przez u\u017cytkownik\u00f3w<\/h2>\t\t\t\t<\/div>\n\t\t\t\t<\/div>\n\t\t\t\t<div class=\"elementor-element elementor-element-a75d9f9 ugclink elementor-widget elementor-widget-text-editor\" data-id=\"a75d9f9\" data-element_type=\"widget\" data-e-type=\"widget\" data-widget_type=\"text-editor.default\">\n\t\t\t\t<div class=\"elementor-widget-container\">\n\t\t\t\t\t\t\t\t\t<p><strong>Warunki korzystania z tre\u015bci generowanych przez u\u017cytkownik\u00f3w<\/strong><\/p><p>My (Zupreem dzia\u0142aj\u0105cy pod nazw\u0105 Compana Pet Brands lub \u201eCompana\u201d) uwielbiamy kontaktowa\u0107 si\u0119 z naszymi klientami i w\u0142a\u015bcicielami zwierz\u0105t domowych i jeste\u015bmy zainteresowani tym, co macie do powiedzenia na swoich kontach w mediach spo\u0142eczno\u015bciowych. Od czasu do czasu znajdujemy tre\u015bci, kt\u00f3re u\u017cytkownicy tacy jak Ty publikuj\u0105 na tych r\u00f3\u017cnych platformach, w tym mi\u0119dzy innymi na Twitterze\/X, TikToku, Instagramie, Threads, Pintere\u015bcie, YouTube i Facebooku, kt\u00f3re s\u0105 dla nas interesuj\u0105ce i kt\u00f3re chcieliby\u015bmy pokaza\u0107 innym. Rozumiesz, \u017ce takie tre\u015bci mog\u0105 obejmowa\u0107 zdj\u0119cia, tekst, filmy, grafiki i informacje o Tobie, takie jak Twoja nazwa u\u017cytkownika, imi\u0119 i nazwisko, nazwa u\u017cytkownika w mediach spo\u0142eczno\u015bciowych, Tw\u00f3j wizerunek, podobizna, zdj\u0119cie, portret i d\u017awi\u0119k Twojego g\u0142osu, imi\u0119, wizerunek i podobizna Twojego zwierzaka oraz wszelkie inne fotograficzne lub cyfrowe reprezentacje Ciebie i\/lub Twojego zwierzaka itp., kt\u00f3re udost\u0119pniasz na platformie online, z kt\u00f3rej pochodz\u0105 tre\u015bci (\u0142\u0105cznie \u201eTre\u015bci\u201d). Niniejsze Warunki korzystania z Tre\u015bci generowanych przez u\u017cytkownik\u00f3w okre\u015blaj\u0105 spos\u00f3b, w jaki prosimy u\u017cytkownik\u00f3w o zgod\u0119 na udost\u0119pnianie ich Tre\u015bci, a tak\u017ce warunki, kt\u00f3re maj\u0105 zastosowanie do u\u017cytkownik\u00f3w i do nas w przypadku takiego udost\u0119pniania.   <\/p><p>Odpowiadaj\u0105c na nasz\u0105 pro\u015bb\u0119 o pozwolenie na wykorzystanie Twoich Tre\u015bci za pomoc\u0105 hashtagu #YesZuPreem, wyra\u017casz zgod\u0119 na niniejsze Warunki korzystania z Tre\u015bci generowanych przez u\u017cytkownik\u00f3w:<\/p><ol><li>O\u015bwiadczasz i gwarantujesz, \u017ce:<ol><li>Jeste\u015b osob\u0105 pe\u0142noletni\u0105, kt\u00f3ra uko\u0144czy\u0142a osiemna\u015bcie (18) lat i jest legalnym rezydentem Stan\u00f3w Zjednoczonych Ameryki (tj. pi\u0119\u0107dziesi\u0119ciu stan\u00f3w i Dystryktu Kolumbii);<\/li><li>Tre\u015b\u0107 jest Twoj\u0105 oryginaln\u0105 w\u0142asno\u015bci\u0105, a Ty jeste\u015b wy\u0142\u0105cznym w\u0142a\u015bcicielem, tw\u00f3rc\u0105 i\/lub autorem Tre\u015bci;<\/li><li>Jeste\u015b prawnym w\u0142a\u015bcicielem ka\u017cdego zwierz\u0119cia pojawiaj\u0105cego si\u0119 w Tre\u015bci;<\/li><li>Posiadasz zgod\u0119 lub pozwolenie ka\u017cdej osoby\/os\u00f3b \u200b\u200bpojawiaj\u0105cych si\u0119 w Tre\u015bciach na udzielenie nam praw do korzystania z Tre\u015bci zgodnie z niniejszymi Warunkami korzystania z Tre\u015bci generowanych przez u\u017cytkownik\u00f3w. Je\u015bli taka osoba\/osoby s\u0105 niepe\u0142noletnie, masz prawo udzieli\u0107 nam pozwolenia na korzystanie z Tre\u015bci w imieniu ka\u017cdej osoby niepe\u0142noletniej pojawiaj\u0105cej si\u0119 w Tre\u015bciach; <\/li><li>Przeczyta\u0142e\u015b(-a\u015b) i zgadzasz si\u0119 przestrzega\u0107 wszystkich postanowie\u0144 zawartych w niniejszych Warunkach korzystania z tre\u015bci generowanych przez u\u017cytkownik\u00f3w oraz naszej Polityce prywatno\u015bci (<a href=\"https:\/\/companapetbrandsuk.com\/privacy\" target=\"_blank\" rel=\"noopener\">https:\/\/companapetbrandsuk.com\/privacy<\/a>);<\/li><li>Zobowi\u0105zujesz si\u0119 chroni\u0107, broni\u0107 i zabezpieczy\u0107 nas, nasze podmioty stowarzyszone oraz zewn\u0119trznych dostawc\u00f3w us\u0142ug przed wszelkimi roszczeniami, zobowi\u0105zaniami, szkodami, grzywnami lub innymi kosztami, w tym uzasadnionymi honorariami adwokackimi poniesionymi w wyniku posiadania lub korzystania przez nas z jakichkolwiek Twoich Tre\u015bci.<\/li><\/ol><\/li><\/ol><ol start=\"2\"><li>Niniejszym udzielasz firmie Compana oraz jej podmiotom stowarzyszonym i sp\u00f3\u0142kom zale\u017cnym niewy\u0142\u0105cznej, wolnej od op\u0142at licencyjnych, wieczystej, nieodwo\u0142alnej, nieograniczonej, og\u00f3lno\u015bwiatowej i w pe\u0142ni podlegaj\u0105cej sublicencjonowaniu licencji oraz prawa do u\u017cywania, reprodukowania, modyfikowania, adaptowania, publikowania, t\u0142umaczenia, tworzenia dzie\u0142 pochodnych, dystrybuowania i wy\u015bwietlania Twoich Tre\u015bci. Takie wykorzystanie przez Compan\u0119 mo\u017ce odbywa\u0107 si\u0119 w dowolnym medium, w kt\u00f3rym Twoje Tre\u015bci mog\u0105 by\u0107 zawarte w ca\u0142o\u015bci, cz\u0119\u015bciowo lub jako kompozycja, b\u0105d\u017a w formie reprodukcji, w tym mi\u0119dzy innymi w opakowaniach produkt\u00f3w, wiadomo\u015bciach, reklamach, promocjach, materia\u0142ach edukacyjnych, handlowych, w nowych mediach lub technologiach dost\u0119pnych w przysz\u0142o\u015bci, lub w jakimkolwiek innym podobnym, zgodnym z prawem celu \u2014 bez dodatkowego wynagrodzenia, chyba \u017ce jest to prawnie zabronione (\u0142\u0105cznie \u201eMateria\u0142y Compana\u201d).<br>Nie obowi\u0105zuj\u0105 \u017cadne ograniczenia czasowe ani geograficzne dotycz\u0105ce okresu lub miejsca publikacji, dystrybucji b\u0105d\u017a innego wykorzystania Twoich Tre\u015bci. Niniejszym zrzekasz si\u0119 prawa do przegl\u0105dania i\/lub zatwierdzania Materia\u0142\u00f3w Compana, w kt\u00f3rych Twoje Tre\u015bci mog\u0105 by\u0107 wykorzystane. Wszelkie Tre\u015bci przekazane Companie w celu ich w\u0142\u0105czenia do Materia\u0142\u00f3w Compana staj\u0105 si\u0119 w\u0142asno\u015bci\u0105 Company i nie b\u0119d\u0105 Ci zwracane.<br>Niemniej jednak, nic w niniejszym dokumencie nie uniemo\u017cliwia Ci z\u0142o\u017cenia pisemnego wniosku do Company o usuni\u0119cie Twoich Tre\u015bci z jakichkolwiek Materia\u0142\u00f3w Compana, kt\u00f3re znajduj\u0105 si\u0119 w rozs\u0105dnym zakresie pod kontrol\u0105 Company. Po otrzymaniu takiego wniosku Compana do\u0142o\u017cy uzasadnionych stara\u0144, aby usun\u0105\u0107 wszystkie wyst\u0105pienia Tre\u015bci w Materia\u0142ach Compana. Rozumiesz, \u017ce Compana mo\u017ce nie by\u0107 w stanie usun\u0105\u0107 wszystkich publikacji lub wy\u015bwietle\u0144 Materia\u0142\u00f3w Compana zawieraj\u0105cych Twoje Tre\u015bci.       <\/li><\/ol><ol start=\"3\"><li>Zgadzasz si\u0119, \u017ce nie mamy obowi\u0105zku wykorzystywania Twoich Tre\u015bci, Twojego imienia i nazwiska ani innych danych identyfikacyjnych. Korzystanie przez nas z Tre\u015bci nie oznacza naszego poparcia dla Ciebie ani \u017cadnego powi\u0105zania z Tob\u0105. <\/li><\/ol><ol start=\"4\"><li>Rozumiesz i zgadzasz si\u0119, \u017ce nie otrzymasz \u017cadnego wynagrodzenia pieni\u0119\u017cnego za korzystanie z Tre\u015bci zgodnie z postanowieniami niniejszego dokumentu, a niniejsze Warunki korzystania z Tre\u015bci generowanych przez u\u017cytkownik\u00f3w nie tworz\u0105 \u017cadnego rodzaju wyra\u017anej ani dorozumianej umowy o prac\u0119 ani zobowi\u0105zania do zatrudnienia.<\/li><\/ol><ol start=\"5\"><li>Gromadzenie i wykorzystywanie przez nas Twoich danych osobowych podlega naszej <a href=\"https:\/\/companapetbrandsuk.com\/privacy\" target=\"_blank\" rel=\"noopener\">Polityce Prywatno\u015bci<\/a>. Aby uzyska\u0107 informacje o rodzajach gromadzonych przez nas danych osobowych, podmiotach zewn\u0119trznych i dostawcach us\u0142ug, kt\u00f3rym mo\u017cemy udost\u0119pnia\u0107 Twoje dane, naszych praktykach przechowywania danych oraz wszelkich prawach i mo\u017cliwo\u015bciach wyboru dotycz\u0105cych Twoich danych osobowych, zapoznaj si\u0119 z nasz\u0105 <g id=\"gid_1\">Polityk\u0105 Prywatno\u015bci<\/g>. Podaj\u0105c nam swoje dane osobowe, wyra\u017casz zgod\u0119 na przetwarzanie Twoich danych osobowych zgodnie z nasz\u0105 <a href=\"https:\/\/companapetbrandsuk.com\/privacy\" target=\"_blank\" rel=\"noopener\">Polityk\u0105 Prywatno\u015bci<\/a>.  <\/li><\/ol><ol start=\"6\"><li>Niniejszym zwalniasz firm\u0119 Compana z odpowiedzialno\u015bci i zobowi\u0105zujesz si\u0119 nie pozywa\u0107 firmy Compana z powodu wszelkich roszcze\u0144, \u017c\u0105da\u0144 i przyczyn pow\u00f3dztwa, kt\u00f3re Ty i\/lub Twoi spadkobiercy, przedstawiciele, wykonawcy testamentu, administratorzy lub inni \u0142\u0105cznicy dzia\u0142aj\u0105cy w imieniu Twojego maj\u0105tku posiadaj\u0105 lub mog\u0105 posiada\u0107 na podstawie niniejszego upowa\u017cnienia; w tym wszelkich roszcze\u0144 lub przyczyn pow\u00f3dztwa, znanych lub nieznanych, z tytu\u0142u znies\u0142awienia, oszczerstwa, naruszenia prawa do prywatno\u015bci, rozg\u0142osu lub osobowo\u015bci lub wszelkich innych roszcze\u0144 lub przyczyn pow\u00f3dztwa opartych na lub zwi\u0105zanych z wykonywaniem kt\u00f3regokolwiek z praw, o kt\u00f3rych mowa w niniejszych Warunkach korzystania z tre\u015bci generowanych przez u\u017cytkownik\u00f3w.<\/li><\/ol><ol start=\"7\"><li>Niniejsze Warunki korzystania z Tre\u015bci generowanych przez u\u017cytkownik\u00f3w stanowi\u0105 ca\u0142o\u015b\u0107 porozumienia stron w odniesieniu do przedmiotu niniejszej Umowy i zast\u0119puj\u0105 wszelkie inne ustne lub pisemne o\u015bwiadczenia i porozumienia. U\u017cytkownik zgadza si\u0119, \u017ce prawo Stan\u00f3w Zjednoczonych Ameryki oraz prawo wewn\u0119trzne stanu Missouri maj\u0105 zastosowanie do wszystkich spraw zwi\u0105zanych z niniejszymi Warunkami korzystania z Tre\u015bci generowanych przez u\u017cytkownik\u00f3w, bez wzgl\u0119du na przepisy dotycz\u0105ce wyboru prawa w\u0142a\u015bciwego. Wszelkie pow\u00f3dztwa lub post\u0119powania zwi\u0105zane z korzystaniem z niniejszej Witryny b\u0119d\u0105 wszczynane w s\u0105dzie stanowym lub federalnym w stanie Missouri. U\u017cytkownik zgadza si\u0119 podda\u0107 jurysdykcji tych s\u0105d\u00f3w i akceptuje, \u017ce s\u0105dy te s\u0105 w\u0142a\u015bciwe miejscowo w ka\u017cdym takim pow\u00f3dztwie lub post\u0119powaniu.   <\/li><\/ol>\t\t\t\t\t\t\t\t<\/div>\n\t\t\t\t<\/div>\n\t\t\t\t\t<\/div>\n\t\t\t\t<\/div>\n\t\t\t\t<\/div>\n\t\t","protected":false},"excerpt":{"rendered":"<p>Polityka dotycz\u0105ca tre\u015bci generowanych przez u\u017cytkownik\u00f3w Warunki korzystania z tre\u015bci generowanych przez u\u017cytkownik\u00f3w My (Zupreem dzia\u0142aj\u0105cy pod nazw\u0105 Compana Pet Brands lub \u201eCompana\u201d) uwielbiamy kontaktowa\u0107 si\u0119 z naszymi klientami i w\u0142a\u015bcicielami zwierz\u0105t domowych i jeste\u015bmy zainteresowani tym, co macie do powiedzenia na swoich kontach w mediach spo\u0142eczno\u015bciowych. Od czasu do czasu znajdujemy tre\u015bci, kt\u00f3re u\u017cytkownicy [&hellip;]<\/p>\n","protected":false},"author":2,"featured_media":0,"parent":0,"menu_order":0,"comment_status":"closed","ping_status":"closed","template":"","meta":{"_acf_changed":false,"inline_featured_image":false,"_monsterinsights_skip_tracking":false,"_monsterinsights_sitenote_active":false,"_monsterinsights_sitenote_note":"","_monsterinsights_sitenote_category":0,"site-sidebar-layout":"no-sidebar","site-content-layout":"page-builder","ast-site-content-layout":"default","site-content-style":"default","site-sidebar-style":"default","ast-global-header-display":"","ast-banner-title-visibility":"","ast-main-header-display":"","ast-hfb-above-header-display":"","ast-hfb-below-header-display":"","ast-hfb-mobile-header-display":"","site-post-title":"disabled","ast-breadcrumbs-content":"","ast-featured-img":"disabled","footer-sml-layout":"","ast-disable-related-posts":"","theme-transparent-header-meta":"","adv-header-id-meta":"","stick-header-meta":"","header-above-stick-meta":"","header-main-stick-meta":"","header-below-stick-meta":"","astra-migrate-meta-layouts":"default","ast-page-background-enabled":"default","ast-page-background-meta":{"desktop":{"background-color":"var(--ast-global-color-4)","background-image":"","background-repeat":"repeat","background-position":"center center","background-size":"auto","background-attachment":"scroll","background-type":"","background-media":"","overlay-type":"","overlay-color":"","overlay-opacity":"","overlay-gradient":""},"tablet":{"background-color":"","background-image":"","background-repeat":"repeat","background-position":"center center","background-size":"auto","background-attachment":"scroll","background-type":"","background-media":"","overlay-type":"","overlay-color":"","overlay-opacity":"","overlay-gradient":""},"mobile":{"background-color":"","background-image":"","background-repeat":"repeat","background-position":"center center","background-size":"auto","background-attachment":"scroll","background-type":"","background-media":"","overlay-type":"","overlay-color":"","overlay-opacity":"","overlay-gradient":""}},"ast-content-background-meta":{"desktop":{"background-color":"var(--ast-global-color-5)","background-image":"","background-repeat":"repeat","background-position":"center center","background-size":"auto","background-attachment":"scroll","background-type":"","background-media":"","overlay-type":"","overlay-color":"","overlay-opacity":"","overlay-gradient":""},"tablet":{"background-color":"var(--ast-global-color-5)","background-image":"","background-repeat":"repeat","background-position":"center center","background-size":"auto","background-attachment":"scroll","background-type":"","background-media":"","overlay-type":"","overlay-color":"","overlay-opacity":"","overlay-gradient":""},"mobile":{"background-color":"var(--ast-global-color-5)","background-image":"","background-repeat":"repeat","background-position":"center center","background-size":"auto","background-attachment":"scroll","background-type":"","background-media":"","overlay-type":"","overlay-color":"","overlay-opacity":"","overlay-gradient":""}},"footnotes":""},"class_list":["post-8295","page","type-page","status-publish","hentry"],"acf":[],"_links":{"self":[{"href":"https:\/\/zupreem.eu.com\/pl\/wp-json\/wp\/v2\/pages\/8295","targetHints":{"allow":["GET"]}}],"collection":[{"href":"https:\/\/zupreem.eu.com\/pl\/wp-json\/wp\/v2\/pages"}],"about":[{"href":"https:\/\/zupreem.eu.com\/pl\/wp-json\/wp\/v2\/types\/page"}],"author":[{"embeddable":true,"href":"https:\/\/zupreem.eu.com\/pl\/wp-json\/wp\/v2\/users\/2"}],"replies":[{"embeddable":true,"href":"https:\/\/zupreem.eu.com\/pl\/wp-json\/wp\/v2\/comments?post=8295"}],"version-history":[{"count":2,"href":"https:\/\/zupreem.eu.com\/pl\/wp-json\/wp\/v2\/pages\/8295\/revisions"}],"predecessor-version":[{"id":8573,"href":"https:\/\/zupreem.eu.com\/pl\/wp-json\/wp\/v2\/pages\/8295\/revisions\/8573"}],"wp:attachment":[{"href":"https:\/\/zupreem.eu.com\/pl\/wp-json\/wp\/v2\/media?parent=8295"}],"curies":[{"name":"wp","href":"https:\/\/api.w.org\/{rel}","templated":true}]}}