{"id":8293,"date":"2024-02-08T04:26:04","date_gmt":"2024-02-08T04:26:04","guid":{"rendered":"https:\/\/oz0sgulpdx.onrocket.site\/politica-sui-contenuti-generati-dagli-utenti\/"},"modified":"2025-11-19T18:18:23","modified_gmt":"2025-11-19T18:18:23","slug":"politica-sui-contenuti-generati-dagli-utenti","status":"publish","type":"page","link":"https:\/\/zupreem.eu.com\/it\/politica-sui-contenuti-generati-dagli-utenti\/","title":{"rendered":"Politica sui contenuti generati dagli utenti"},"content":{"rendered":"\t\t<div data-elementor-type=\"wp-page\" data-elementor-id=\"8293\" class=\"elementor elementor-8293 elementor-5976\" data-elementor-post-type=\"page\">\n\t\t\t\t<div class=\"elementor-element elementor-element-f42c335 e-flex e-con-boxed e-con e-parent\" data-id=\"f42c335\" data-element_type=\"container\" data-e-type=\"container\">\n\t\t\t\t\t<div class=\"e-con-inner\">\n\t\t\t\t<div class=\"elementor-element elementor-element-307342a elementor-widget elementor-widget-heading\" data-id=\"307342a\" data-element_type=\"widget\" data-e-type=\"widget\" data-widget_type=\"heading.default\">\n\t\t\t\t<div class=\"elementor-widget-container\">\n\t\t\t\t\t<h2 class=\"elementor-heading-title elementor-size-default\">Politica sui contenuti generati dagli utenti<\/h2>\t\t\t\t<\/div>\n\t\t\t\t<\/div>\n\t\t\t\t<div class=\"elementor-element elementor-element-a75d9f9 ugclink elementor-widget elementor-widget-text-editor\" data-id=\"a75d9f9\" data-element_type=\"widget\" data-e-type=\"widget\" data-widget_type=\"text-editor.default\">\n\t\t\t\t<div class=\"elementor-widget-container\">\n\t\t\t\t\t\t\t\t\t<p><strong>Termini e condizioni sui contenuti generati dagli utenti<\/strong><\/p><p>Noi (Zupreem d\/b\/a Compana Pet Brands o &#8220;Compana&#8221;) amiamo interagire con i nostri consumatori e proprietari di animali domestici e siamo interessati a ci\u00f2 che avete da dire sui vostri account social media. Di tanto in tanto, troviamo contenuti che utenti come voi potrebbero pubblicare su queste diverse piattaforme, inclusi, a titolo esemplificativo ma non esaustivo, Twitter\/X, TikTok, Instagram, Threads, Pinterest, YouTube e Facebook, che ci interessano e che vorremmo mostrare ad altri. Siete consapevoli che tali contenuti possono includere fotografie, testi, video, elementi grafici e informazioni su di voi, come il vostro nome utente, nome personale, handle sui social media, la vostra immagine, somiglianza, fotografia, ritratto e suono della vostra voce, il nome, l&#8217;immagine e la somiglianza del vostro animale domestico e qualsiasi altra rappresentazione fotografica o digitale di voi e\/o del vostro animale domestico, ecc. che rendete disponibile sulla piattaforma online da cui provengono i contenuti (collettivamente, i &#8220;Contenuti&#8221;). I presenti Termini e Condizioni sui Contenuti Generati dagli Utenti disciplinano le modalit\u00e0 con cui vi chiediamo il permesso di condividere i vostri Contenuti e i termini che si applicano a voi e a noi quando lo facciamo.   <\/p><p>Se rispondi alla nostra richiesta di autorizzazione per utilizzare i tuoi Contenuti con #YesZuPreem, accetti i presenti Termini e Condizioni sui Contenuti Generati dagli Utenti:<\/p><ol><li>Dichiari e garantisci che:<ol><li>Sei un adulto legale di diciotto (18) anni o pi\u00f9 e un residente legale degli Stati Uniti d&#8217;America (vale a dire, i suoi cinquanta stati e il Distretto di Columbia);<\/li><li>Il Contenuto \u00e8 originale e tu sei l&#8217;unico proprietario, creatore e\/o autore del Contenuto;<\/li><li>Sei il proprietario legale di ogni animale domestico presente nel Contenuto;<\/li><li>Hai il consenso o l&#8217;autorizzazione di qualsiasi persona che appare nel Contenuto per fornirci i diritti di utilizzo del Contenuto come descritto nei presenti Termini e Condizioni per i Contenuti Generati dall&#8217;Utente. Se tale persona \u00e8 minorenne, hai il diritto di concedere l&#8217;autorizzazione per l&#8217;utilizzo del Contenuto da parte nostra per conto di qualsiasi minore che appare nel Contenuto; <\/li><li>Hai letto e accetti di rispettare tutti i termini e le condizioni contenuti nei presenti Termini e condizioni sui contenuti generati dagli utenti e nella nostra Informativa sulla privacy (<a href=\"https:\/\/companapetbrandsuk.com\/privacy\" target=\"_blank\" rel=\"noopener\">https:\/\/companapetbrandsuk.com\/privacy<\/a>); e<\/li><li>L&#8217;utente si impegna a indennizzare, difendere e tenere indenni noi, i nostri affiliati e i fornitori di servizi terzi da qualsiasi reclamo, responsabilit\u00e0, danno, multa o altro costo, comprese le ragionevoli spese legali sostenute a seguito del nostro possesso o utilizzo di qualsiasi tuo Contenuto.<\/li><\/ol><\/li><\/ol><ol start=\"2\"><li>Con la presente, concedi a Compana e alle sue affiliate e controllate una licenza e un diritto non esclusivi, esenti da royalty, perpetui, irrevocabili, illimitati, mondiali e completamente sublicenziabili per utilizzare, riprodurre, modificare, adattare, pubblicare, tradurre, creare opere derivate da, distribuire e mostrare i tuoi Contenuti. Tale utilizzo da parte di Compana pu\u00f2 avvenire in qualsiasi mezzo in cui i tuoi Contenuti possano essere inclusi, in tutto o in parte, o come opere composite, o riproduzioni realizzate a tale scopo, incluso, ma non limitato a, confezioni di prodotti, notizie, pubblicit\u00e0, promozioni, istruzione, commercio, nuovi media o tecnologie che diventino disponibili in futuro, o per qualsiasi altro scopo legittimo simile, e senza ulteriori compensi, salvo ove vietato dalla legge (collettivamente, i \u201cMateriali Compana\u201d).<br>Non vi \u00e8 alcuna limitazione temporale o geografica riguardo a quanto tempo o dove i tuoi Contenuti possano essere pubblicati, distribuiti o altrimenti utilizzati. Con la presente rinunci al diritto di ispezionare e\/o approvare i Materiali Compana in cui i Contenuti possono essere utilizzati. Qualsiasi Contenuto fornito a Compana ai fini dell\u2019inclusione nei Materiali Compana diventer\u00e0 propriet\u00e0 di Compana e non ti sar\u00e0 restituito.<br>Tuttavia, nulla nel presente documento impedisce di inviare una richiesta scritta a Compana affinch\u00e9 rimuova i tuoi Contenuti da qualsiasi Materiale Compana che sia ragionevolmente sotto il controllo di Compana. Dopo aver ricevuto tale richiesta, Compana far\u00e0 ogni ragionevole sforzo per rimuovere tutte le occorrenze dei Contenuti all\u2019interno dei Materiali Compana. Comprendi che Compana potrebbe non essere in grado di rimuovere tutte le pubblicazioni o visualizzazioni dei Materiali Compana che includono i Contenuti.       <\/li><\/ol><ol start=\"3\"><li>Accetti che non abbiamo alcun obbligo di utilizzare i tuoi Contenuti, il tuo nome o altre informazioni identificative. Il nostro utilizzo dei Contenuti non implica la nostra approvazione o alcuna affiliazione con te. <\/li><\/ol><ol start=\"4\"><li>L&#8217;utente comprende e accetta che non ricever\u00e0 alcun compenso monetario per l&#8217;utilizzo del Contenuto come previsto nel presente documento e che i presenti Termini e Condizioni sui Contenuti Generati dall&#8217;Utente non creano alcun tipo di contratto di lavoro o obbligo di lavoro, espresso o implicito.<\/li><\/ol><ol start=\"5\"><li>La raccolta e l&#8217;utilizzo dei tuoi dati personali sono regolati dalla nostra <a href=\"https:\/\/companapetbrandsuk.com\/privacy\" target=\"_blank\" rel=\"noopener\">Informativa sulla privacy<\/a>. Per informazioni sulle tipologie di dati personali che raccogliamo, sulle terze parti e sui fornitori di servizi con cui potremmo condividere le tue informazioni, sulle nostre pratiche di conservazione dei dati e sui tuoi diritti e scelte in merito ai tuoi dati personali, ti invitiamo a consultare la nostra Informativa sulla privacy. Fornendoci i tuoi dati personali, acconsenti al loro trattamento come stabilito nella nostra <a href=\"https:\/\/companapetbrandsuk.com\/privacy\" target=\"_blank\" rel=\"noopener\">Informativa sulla privacy<\/a>.  <\/li><\/ol><ol start=\"6\"><li>Con la presente, l&#8217;utente libera Compana da qualsiasi rivendicazione, richiesta e causa legale che l&#8217;utente e\/o i suoi eredi, rappresentanti, esecutori testamentari, amministratori o qualsiasi altro collegamento che agisca per conto del suo patrimonio abbiano o possano avere in virt\u00f9 di questa autorizzazione; inclusa qualsiasi rivendicazione o causa legale, nota o sconosciuta, per diffamazione, calunnia, violazione del diritto alla privacy, alla pubblicit\u00e0 o alla personalit\u00e0, o qualsiasi altra rivendicazione o causa legale, basata su o relativa all&#8217;esercizio di uno qualsiasi dei diritti a cui si fa riferimento nei presenti Termini e condizioni sui contenuti generati dall&#8217;utente.<\/li><\/ol><ol start=\"7\"><li>I presenti Termini e Condizioni sui Contenuti Generati dall&#8217;Utente stabiliscono l&#8217;intero accordo e la piena intesa delle parti in merito all&#8217;oggetto del presente documento e sostituiscono tutte le altre dichiarazioni e intese, orali o scritte. L&#8217;utente accetta che le leggi degli Stati Uniti d&#8217;America e le leggi interne dello Stato del Missouri si applichino a tutte le questioni relative ai presenti Termini e Condizioni sui Contenuti Generati dall&#8217;Utente, indipendentemente dalle disposizioni in materia di scelta della legge applicabile. Qualsiasi azione o procedimento legale relativo all&#8217;utilizzo di questo sito dovr\u00e0 essere avviato presso un tribunale statale o federale del Missouri. L&#8217;utente accetta di sottoporsi alla giurisdizione di tali tribunali e accetta che la sede legale sia quella appropriata per qualsiasi azione o procedimento legale.   <\/li><\/ol>\t\t\t\t\t\t\t\t<\/div>\n\t\t\t\t<\/div>\n\t\t\t\t\t<\/div>\n\t\t\t\t<\/div>\n\t\t\t\t<\/div>\n\t\t","protected":false},"excerpt":{"rendered":"<p>Politica sui contenuti generati dagli utenti Termini e condizioni sui contenuti generati dagli utenti Noi (Zupreem d\/b\/a Compana Pet Brands o &#8220;Compana&#8221;) amiamo interagire con i nostri consumatori e proprietari di animali domestici e siamo interessati a ci\u00f2 che avete da dire sui vostri account social media. Di tanto in tanto, troviamo contenuti che utenti [&hellip;]<\/p>\n","protected":false},"author":2,"featured_media":0,"parent":0,"menu_order":0,"comment_status":"closed","ping_status":"closed","template":"","meta":{"_acf_changed":false,"inline_featured_image":false,"_monsterinsights_skip_tracking":false,"_monsterinsights_sitenote_active":false,"_monsterinsights_sitenote_note":"","_monsterinsights_sitenote_category":0,"site-sidebar-layout":"no-sidebar","site-content-layout":"page-builder","ast-site-content-layout":"default","site-content-style":"default","site-sidebar-style":"default","ast-global-header-display":"","ast-banner-title-visibility":"","ast-main-header-display":"","ast-hfb-above-header-display":"","ast-hfb-below-header-display":"","ast-hfb-mobile-header-display":"","site-post-title":"disabled","ast-breadcrumbs-content":"","ast-featured-img":"disabled","footer-sml-layout":"","ast-disable-related-posts":"","theme-transparent-header-meta":"","adv-header-id-meta":"","stick-header-meta":"","header-above-stick-meta":"","header-main-stick-meta":"","header-below-stick-meta":"","astra-migrate-meta-layouts":"default","ast-page-background-enabled":"default","ast-page-background-meta":{"desktop":{"background-color":"var(--ast-global-color-4)","background-image":"","background-repeat":"repeat","background-position":"center center","background-size":"auto","background-attachment":"scroll","background-type":"","background-media":"","overlay-type":"","overlay-color":"","overlay-opacity":"","overlay-gradient":""},"tablet":{"background-color":"","background-image":"","background-repeat":"repeat","background-position":"center center","background-size":"auto","background-attachment":"scroll","background-type":"","background-media":"","overlay-type":"","overlay-color":"","overlay-opacity":"","overlay-gradient":""},"mobile":{"background-color":"","background-image":"","background-repeat":"repeat","background-position":"center center","background-size":"auto","background-attachment":"scroll","background-type":"","background-media":"","overlay-type":"","overlay-color":"","overlay-opacity":"","overlay-gradient":""}},"ast-content-background-meta":{"desktop":{"background-color":"var(--ast-global-color-5)","background-image":"","background-repeat":"repeat","background-position":"center center","background-size":"auto","background-attachment":"scroll","background-type":"","background-media":"","overlay-type":"","overlay-color":"","overlay-opacity":"","overlay-gradient":""},"tablet":{"background-color":"var(--ast-global-color-5)","background-image":"","background-repeat":"repeat","background-position":"center center","background-size":"auto","background-attachment":"scroll","background-type":"","background-media":"","overlay-type":"","overlay-color":"","overlay-opacity":"","overlay-gradient":""},"mobile":{"background-color":"var(--ast-global-color-5)","background-image":"","background-repeat":"repeat","background-position":"center center","background-size":"auto","background-attachment":"scroll","background-type":"","background-media":"","overlay-type":"","overlay-color":"","overlay-opacity":"","overlay-gradient":""}},"footnotes":""},"class_list":["post-8293","page","type-page","status-publish","hentry"],"acf":[],"_links":{"self":[{"href":"https:\/\/zupreem.eu.com\/it\/wp-json\/wp\/v2\/pages\/8293","targetHints":{"allow":["GET"]}}],"collection":[{"href":"https:\/\/zupreem.eu.com\/it\/wp-json\/wp\/v2\/pages"}],"about":[{"href":"https:\/\/zupreem.eu.com\/it\/wp-json\/wp\/v2\/types\/page"}],"author":[{"embeddable":true,"href":"https:\/\/zupreem.eu.com\/it\/wp-json\/wp\/v2\/users\/2"}],"replies":[{"embeddable":true,"href":"https:\/\/zupreem.eu.com\/it\/wp-json\/wp\/v2\/comments?post=8293"}],"version-history":[{"count":2,"href":"https:\/\/zupreem.eu.com\/it\/wp-json\/wp\/v2\/pages\/8293\/revisions"}],"predecessor-version":[{"id":8566,"href":"https:\/\/zupreem.eu.com\/it\/wp-json\/wp\/v2\/pages\/8293\/revisions\/8566"}],"wp:attachment":[{"href":"https:\/\/zupreem.eu.com\/it\/wp-json\/wp\/v2\/media?parent=8293"}],"curies":[{"name":"wp","href":"https:\/\/api.w.org\/{rel}","templated":true}]}}