{"id":8279,"date":"2024-01-24T06:59:45","date_gmt":"2024-01-24T06:59:45","guid":{"rendered":"https:\/\/oz0sgulpdx.onrocket.site\/garanzia-di-soddisfazione-politiche-di-compana-pet-brands\/"},"modified":"2025-11-14T18:05:05","modified_gmt":"2025-11-14T18:05:05","slug":"garanzia-di-soddisfazione-politiche-di-compana-pet-brands","status":"publish","type":"page","link":"https:\/\/zupreem.eu.com\/it\/garanzia-di-soddisfazione-politiche-di-compana-pet-brands\/","title":{"rendered":"Garanzia di soddisfazione | Politiche di Compana Pet Brands"},"content":{"rendered":"\t\t<div data-elementor-type=\"wp-page\" data-elementor-id=\"8279\" class=\"elementor elementor-8279 elementor-5171\" data-elementor-post-type=\"page\">\n\t\t\t\t<div class=\"elementor-element elementor-element-37ad918 e-flex e-con-boxed e-con e-parent\" data-id=\"37ad918\" data-element_type=\"container\" data-e-type=\"container\">\n\t\t\t\t\t<div class=\"e-con-inner\">\n\t\t\t\t<div class=\"elementor-element elementor-element-b30460c elementor-widget elementor-widget-heading\" data-id=\"b30460c\" data-element_type=\"widget\" data-e-type=\"widget\" data-widget_type=\"heading.default\">\n\t\t\t\t<div class=\"elementor-widget-container\">\n\t\t\t\t\t<h2 class=\"elementor-heading-title elementor-size-default\">Non sei soddisfatto? Faccelo sapere! <\/h2>\t\t\t\t<\/div>\n\t\t\t\t<\/div>\n\t\t\t\t<div class=\"elementor-element elementor-element-69cf105 elementor-widget elementor-widget-text-editor\" data-id=\"69cf105\" data-element_type=\"widget\" data-e-type=\"widget\" data-widget_type=\"text-editor.default\">\n\t\t\t\t<div class=\"elementor-widget-container\">\n\t\t\t\t\t\t\t\t\t<p>Compana Pet Brands si impegna a fornire prodotti di alta qualit\u00e0 per aiutare le persone e i loro amici a quattro zampe a vivere una vita pi\u00f9 felice e sana. Ecco perch\u00e9 siamo orgogliosi di garantire i nostri prodotti e i controlli di qualit\u00e0 per tutti i nostri marchi. <\/p><p>Se non sei soddisfatto del prodotto acquistato da noi o da uno dei nostri venditori autorizzati, consulta <a href=\"https:\/\/companapetbrands.com\/compana-satisfaction-guarantee-policy\" target=\"_blank\" rel=\"noopener\">la Politica di garanzia di soddisfazione di Compana<\/a> per istruzioni dettagliate su come inviare la richiesta di rimborso.<\/p>\t\t\t\t\t\t\t\t<\/div>\n\t\t\t\t<\/div>\n\t\t\t\t\t<\/div>\n\t\t\t\t<\/div>\n\t\t\t\t<\/div>\n\t\t","protected":false},"excerpt":{"rendered":"<p>Non sei soddisfatto? Faccelo sapere! Compana Pet Brands si impegna a fornire prodotti di alta qualit\u00e0 per aiutare le persone e i loro amici a quattro zampe a vivere una vita pi\u00f9 felice e sana. Ecco perch\u00e9 siamo orgogliosi di garantire i nostri prodotti e i controlli di qualit\u00e0 per tutti i nostri marchi. Se [&hellip;]<\/p>\n","protected":false},"author":2,"featured_media":0,"parent":0,"menu_order":0,"comment_status":"closed","ping_status":"closed","template":"","meta":{"_acf_changed":false,"inline_featured_image":false,"_monsterinsights_skip_tracking":false,"_monsterinsights_sitenote_active":false,"_monsterinsights_sitenote_note":"","_monsterinsights_sitenote_category":0,"site-sidebar-layout":"no-sidebar","site-content-layout":"page-builder","ast-site-content-layout":"default","site-content-style":"default","site-sidebar-style":"default","ast-global-header-display":"","ast-banner-title-visibility":"","ast-main-header-display":"","ast-hfb-above-header-display":"","ast-hfb-below-header-display":"","ast-hfb-mobile-header-display":"","site-post-title":"disabled","ast-breadcrumbs-content":"","ast-featured-img":"disabled","footer-sml-layout":"","ast-disable-related-posts":"","theme-transparent-header-meta":"","adv-header-id-meta":"","stick-header-meta":"","header-above-stick-meta":"","header-main-stick-meta":"","header-below-stick-meta":"","astra-migrate-meta-layouts":"default","ast-page-background-enabled":"default","ast-page-background-meta":{"desktop":{"background-color":"var(--ast-global-color-4)","background-image":"","background-repeat":"repeat","background-position":"center center","background-size":"auto","background-attachment":"scroll","background-type":"","background-media":"","overlay-type":"","overlay-color":"","overlay-opacity":"","overlay-gradient":""},"tablet":{"background-color":"","background-image":"","background-repeat":"repeat","background-position":"center center","background-size":"auto","background-attachment":"scroll","background-type":"","background-media":"","overlay-type":"","overlay-color":"","overlay-opacity":"","overlay-gradient":""},"mobile":{"background-color":"","background-image":"","background-repeat":"repeat","background-position":"center center","background-size":"auto","background-attachment":"scroll","background-type":"","background-media":"","overlay-type":"","overlay-color":"","overlay-opacity":"","overlay-gradient":""}},"ast-content-background-meta":{"desktop":{"background-color":"var(--ast-global-color-5)","background-image":"","background-repeat":"repeat","background-position":"center center","background-size":"auto","background-attachment":"scroll","background-type":"","background-media":"","overlay-type":"","overlay-color":"","overlay-opacity":"","overlay-gradient":""},"tablet":{"background-color":"var(--ast-global-color-5)","background-image":"","background-repeat":"repeat","background-position":"center center","background-size":"auto","background-attachment":"scroll","background-type":"","background-media":"","overlay-type":"","overlay-color":"","overlay-opacity":"","overlay-gradient":""},"mobile":{"background-color":"var(--ast-global-color-5)","background-image":"","background-repeat":"repeat","background-position":"center center","background-size":"auto","background-attachment":"scroll","background-type":"","background-media":"","overlay-type":"","overlay-color":"","overlay-opacity":"","overlay-gradient":""}},"footnotes":""},"class_list":["post-8279","page","type-page","status-publish","hentry"],"acf":[],"_links":{"self":[{"href":"https:\/\/zupreem.eu.com\/it\/wp-json\/wp\/v2\/pages\/8279","targetHints":{"allow":["GET"]}}],"collection":[{"href":"https:\/\/zupreem.eu.com\/it\/wp-json\/wp\/v2\/pages"}],"about":[{"href":"https:\/\/zupreem.eu.com\/it\/wp-json\/wp\/v2\/types\/page"}],"author":[{"embeddable":true,"href":"https:\/\/zupreem.eu.com\/it\/wp-json\/wp\/v2\/users\/2"}],"replies":[{"embeddable":true,"href":"https:\/\/zupreem.eu.com\/it\/wp-json\/wp\/v2\/comments?post=8279"}],"version-history":[{"count":3,"href":"https:\/\/zupreem.eu.com\/it\/wp-json\/wp\/v2\/pages\/8279\/revisions"}],"predecessor-version":[{"id":8516,"href":"https:\/\/zupreem.eu.com\/it\/wp-json\/wp\/v2\/pages\/8279\/revisions\/8516"}],"wp:attachment":[{"href":"https:\/\/zupreem.eu.com\/it\/wp-json\/wp\/v2\/media?parent=8279"}],"curies":[{"name":"wp","href":"https:\/\/api.w.org\/{rel}","templated":true}]}}