{"id":8277,"date":"2024-01-24T06:59:45","date_gmt":"2024-01-24T06:59:45","guid":{"rendered":"https:\/\/oz0sgulpdx.onrocket.site\/zufriedenheitsgarantie-unternehmensrichtlinien-fuer-haustiermarken\/"},"modified":"2025-11-05T20:06:31","modified_gmt":"2025-11-05T20:06:31","slug":"zufriedenheitsgarantie-unternehmensrichtlinien-fuer-haustiermarken","status":"publish","type":"page","link":"https:\/\/zupreem.eu.com\/de\/zufriedenheitsgarantie-unternehmensrichtlinien-fuer-haustiermarken\/","title":{"rendered":"Zufriedenheitsgarantie | Unternehmensrichtlinien f\u00fcr Haustiermarken"},"content":{"rendered":"\t\t<div data-elementor-type=\"wp-page\" data-elementor-id=\"8277\" class=\"elementor elementor-8277 elementor-5171\" data-elementor-post-type=\"page\">\n\t\t\t\t<div class=\"elementor-element elementor-element-37ad918 e-flex e-con-boxed e-con e-parent\" data-id=\"37ad918\" data-element_type=\"container\" data-e-type=\"container\">\n\t\t\t\t\t<div class=\"e-con-inner\">\n\t\t\t\t<div class=\"elementor-element elementor-element-b30460c elementor-widget elementor-widget-heading\" data-id=\"b30460c\" data-element_type=\"widget\" data-e-type=\"widget\" data-widget_type=\"heading.default\">\n\t\t\t\t<div class=\"elementor-widget-container\">\n\t\t\t\t\t<h2 class=\"elementor-heading-title elementor-size-default\">Nicht zufrieden? Lassen Sie es uns wissen!<\/h2>\t\t\t\t<\/div>\n\t\t\t\t<\/div>\n\t\t\t\t<div class=\"elementor-element elementor-element-69cf105 elementor-widget elementor-widget-text-editor\" data-id=\"69cf105\" data-element_type=\"widget\" data-e-type=\"widget\" data-widget_type=\"text-editor.default\">\n\t\t\t\t<div class=\"elementor-widget-container\">\n\t\t\t\t\t\t\t\t\t<p>Compana Pet Brands hat sich der Entwicklung hochwertiger Produkte verschrieben, die Menschen und ihren Haustieren zu einem gl\u00fccklicheren und ges\u00fcnderen Zusammenleben verhelfen. Deshalb stehen wir mit voller \u00dcberzeugung hinter unseren Produkten und Qualit\u00e4tskontrollen f\u00fcr alle unsere Marken. <\/p><p>Wenn Sie mit dem Produkt, das Sie bei uns oder einem unserer autorisierten H\u00e4ndler erworben haben, unzufrieden sind, besuchen <a href=\"https:\/\/companapetbrands.com\/compana-satisfaction-guarantee-policy\" target=\"_blank\" rel=\"noopener\">Sie bitte die Compana-Zufriedenheitsgarantierichtlinie<\/a>, um detaillierte Anweisungen zur Einreichung Ihres R\u00fcckerstattungsantrags zu erhalten.<\/p>\t\t\t\t\t\t\t\t<\/div>\n\t\t\t\t<\/div>\n\t\t\t\t\t<\/div>\n\t\t\t\t<\/div>\n\t\t\t\t<\/div>\n\t\t","protected":false},"excerpt":{"rendered":"<p>Nicht zufrieden? Lassen Sie es uns wissen! Compana Pet Brands hat sich der Entwicklung hochwertiger Produkte verschrieben, die Menschen und ihren Haustieren zu einem gl\u00fccklicheren und ges\u00fcnderen Zusammenleben verhelfen. Deshalb stehen wir mit voller \u00dcberzeugung hinter unseren Produkten und Qualit\u00e4tskontrollen f\u00fcr alle unsere Marken. Wenn Sie mit dem Produkt, das Sie bei uns oder einem [&hellip;]<\/p>\n","protected":false},"author":2,"featured_media":0,"parent":0,"menu_order":0,"comment_status":"closed","ping_status":"closed","template":"","meta":{"_acf_changed":false,"inline_featured_image":false,"_monsterinsights_skip_tracking":false,"_monsterinsights_sitenote_active":false,"_monsterinsights_sitenote_note":"","_monsterinsights_sitenote_category":0,"site-sidebar-layout":"no-sidebar","site-content-layout":"page-builder","ast-site-content-layout":"default","site-content-style":"default","site-sidebar-style":"default","ast-global-header-display":"","ast-banner-title-visibility":"","ast-main-header-display":"","ast-hfb-above-header-display":"","ast-hfb-below-header-display":"","ast-hfb-mobile-header-display":"","site-post-title":"disabled","ast-breadcrumbs-content":"","ast-featured-img":"disabled","footer-sml-layout":"","ast-disable-related-posts":"","theme-transparent-header-meta":"","adv-header-id-meta":"","stick-header-meta":"","header-above-stick-meta":"","header-main-stick-meta":"","header-below-stick-meta":"","astra-migrate-meta-layouts":"default","ast-page-background-enabled":"default","ast-page-background-meta":{"desktop":{"background-color":"var(--ast-global-color-4)","background-image":"","background-repeat":"repeat","background-position":"center center","background-size":"auto","background-attachment":"scroll","background-type":"","background-media":"","overlay-type":"","overlay-color":"","overlay-opacity":"","overlay-gradient":""},"tablet":{"background-color":"","background-image":"","background-repeat":"repeat","background-position":"center center","background-size":"auto","background-attachment":"scroll","background-type":"","background-media":"","overlay-type":"","overlay-color":"","overlay-opacity":"","overlay-gradient":""},"mobile":{"background-color":"","background-image":"","background-repeat":"repeat","background-position":"center center","background-size":"auto","background-attachment":"scroll","background-type":"","background-media":"","overlay-type":"","overlay-color":"","overlay-opacity":"","overlay-gradient":""}},"ast-content-background-meta":{"desktop":{"background-color":"var(--ast-global-color-5)","background-image":"","background-repeat":"repeat","background-position":"center center","background-size":"auto","background-attachment":"scroll","background-type":"","background-media":"","overlay-type":"","overlay-color":"","overlay-opacity":"","overlay-gradient":""},"tablet":{"background-color":"var(--ast-global-color-5)","background-image":"","background-repeat":"repeat","background-position":"center center","background-size":"auto","background-attachment":"scroll","background-type":"","background-media":"","overlay-type":"","overlay-color":"","overlay-opacity":"","overlay-gradient":""},"mobile":{"background-color":"var(--ast-global-color-5)","background-image":"","background-repeat":"repeat","background-position":"center center","background-size":"auto","background-attachment":"scroll","background-type":"","background-media":"","overlay-type":"","overlay-color":"","overlay-opacity":"","overlay-gradient":""}},"footnotes":""},"class_list":["post-8277","page","type-page","status-publish","hentry"],"acf":[],"_links":{"self":[{"href":"https:\/\/zupreem.eu.com\/de\/wp-json\/wp\/v2\/pages\/8277","targetHints":{"allow":["GET"]}}],"collection":[{"href":"https:\/\/zupreem.eu.com\/de\/wp-json\/wp\/v2\/pages"}],"about":[{"href":"https:\/\/zupreem.eu.com\/de\/wp-json\/wp\/v2\/types\/page"}],"author":[{"embeddable":true,"href":"https:\/\/zupreem.eu.com\/de\/wp-json\/wp\/v2\/users\/2"}],"replies":[{"embeddable":true,"href":"https:\/\/zupreem.eu.com\/de\/wp-json\/wp\/v2\/comments?post=8277"}],"version-history":[{"count":1,"href":"https:\/\/zupreem.eu.com\/de\/wp-json\/wp\/v2\/pages\/8277\/revisions"}],"predecessor-version":[{"id":8278,"href":"https:\/\/zupreem.eu.com\/de\/wp-json\/wp\/v2\/pages\/8277\/revisions\/8278"}],"wp:attachment":[{"href":"https:\/\/zupreem.eu.com\/de\/wp-json\/wp\/v2\/media?parent=8277"}],"curies":[{"name":"wp","href":"https:\/\/api.w.org\/{rel}","templated":true}]}}