{"id":7961,"date":"2023-08-24T10:11:16","date_gmt":"2023-08-24T10:11:16","guid":{"rendered":"https:\/\/oz0sgulpdx.onrocket.site\/vogelkonvertierung\/"},"modified":"2026-01-23T19:34:09","modified_gmt":"2026-01-23T19:34:09","slug":"vogelkonvertierung","status":"publish","type":"page","link":"https:\/\/zupreem.eu.com\/de\/vogelkonvertierung\/","title":{"rendered":"Vogelkonvertierung"},"content":{"rendered":"\t\t<div data-elementor-type=\"wp-page\" data-elementor-id=\"7961\" class=\"elementor elementor-7961 elementor-849\" data-elementor-post-type=\"page\">\n\t\t\t\t<div class=\"elementor-element elementor-element-1f12ca9 e-flex e-con-boxed e-con e-parent\" data-id=\"1f12ca9\" data-element_type=\"container\" data-e-type=\"container\">\n\t\t\t\t\t<div class=\"e-con-inner\">\n\t\t<div class=\"elementor-element elementor-element-93d1461 e-con-full e-flex e-con e-child\" data-id=\"93d1461\" data-element_type=\"container\" data-e-type=\"container\">\n\t\t\t\t<div class=\"elementor-element elementor-element-60991a7 elementor-hidden-tablet elementor-hidden-mobile elementor-hidden-desktop elementor-widget elementor-widget-image\" data-id=\"60991a7\" data-element_type=\"widget\" data-e-type=\"widget\" data-widget_type=\"image.default\">\n\t\t\t\t<div class=\"elementor-widget-container\">\n\t\t\t\t\t\t\t\t\t\t\t\t\t\t\t<img fetchpriority=\"high\" decoding=\"async\" width=\"247\" height=\"250\" src=\"https:\/\/zupreem.eu.com\/wp-content\/uploads\/2023\/08\/Zupreem-Avian-Seeds.png\" class=\"attachment-large size-large wp-image-7955\" alt=\"\" srcset=\"https:\/\/zupreem.eu.com\/wp-content\/uploads\/2023\/08\/Zupreem-Avian-Seeds.png 247w, https:\/\/zupreem.eu.com\/wp-content\/uploads\/2023\/08\/Zupreem-Avian-Seeds-100x100.png 100w\" sizes=\"(max-width: 247px) 100vw, 247px\" \/>\t\t\t\t\t\t\t\t\t\t\t\t\t\t\t<\/div>\n\t\t\t\t<\/div>\n\t\t\t\t<\/div>\n\t\t<div class=\"elementor-element elementor-element-b364a1c e-con-full e-flex e-con e-child\" data-id=\"b364a1c\" data-element_type=\"container\" data-e-type=\"container\">\n\t\t\t\t<div class=\"elementor-element elementor-element-99cc8e7 elementor-widget elementor-widget-image\" data-id=\"99cc8e7\" data-element_type=\"widget\" data-e-type=\"widget\" data-widget_type=\"image.default\">\n\t\t\t\t<div class=\"elementor-widget-container\">\n\t\t\t\t\t\t\t\t\t\t\t\t\t\t\t<img decoding=\"async\" width=\"568\" height=\"439\" src=\"https:\/\/zupreem.eu.com\/wp-content\/uploads\/2023\/08\/Zupreem-Feed-Smart-Blue.png\" class=\"attachment-large size-large wp-image-7956\" alt=\"\" srcset=\"https:\/\/zupreem.eu.com\/wp-content\/uploads\/2023\/08\/Zupreem-Feed-Smart-Blue.png 568w, https:\/\/zupreem.eu.com\/wp-content\/uploads\/2023\/08\/Zupreem-Feed-Smart-Blue-300x232.png 300w\" sizes=\"(max-width: 568px) 100vw, 568px\" \/>\t\t\t\t\t\t\t\t\t\t\t\t\t\t\t<\/div>\n\t\t\t\t<\/div>\n\t\t\t\t<div class=\"elementor-element elementor-element-24903b9 elementor-widget elementor-widget-heading\" data-id=\"24903b9\" data-element_type=\"widget\" data-e-type=\"widget\" data-widget_type=\"heading.default\">\n\t\t\t\t<div class=\"elementor-widget-container\">\n\t\t\t\t\t<h2 class=\"elementor-heading-title elementor-size-default\">WECHSELN SIE ZU GESUNDEN PELLETS F\u00dcR IHREN VOGEL<\/h2>\t\t\t\t<\/div>\n\t\t\t\t<\/div>\n\t\t\t\t<\/div>\n\t\t<div class=\"elementor-element elementor-element-2cd9370 e-flex e-con-boxed e-con e-child\" data-id=\"2cd9370\" data-element_type=\"container\" data-e-type=\"container\">\n\t\t\t\t\t<div class=\"e-con-inner\">\n\t\t\t\t\t<\/div>\n\t\t\t\t<\/div>\n\t\t\t\t\t<\/div>\n\t\t\t\t<\/div>\n\t\t<div class=\"elementor-element elementor-element-8808619 e-con-full e-flex e-con e-parent\" data-id=\"8808619\" data-element_type=\"container\" data-e-type=\"container\" data-settings=\"{&quot;background_background&quot;:&quot;classic&quot;,&quot;shape_divider_top&quot;:&quot;triangle&quot;}\">\n\t\t\t\t<div class=\"elementor-shape elementor-shape-top\" aria-hidden=\"true\" data-negative=\"false\">\n\t\t\t<svg xmlns=\"http:\/\/www.w3.org\/2000\/svg\" viewBox=\"0 0 1000 100\" preserveAspectRatio=\"none\">\n\t<path class=\"elementor-shape-fill\" d=\"M500,98.9L0,6.1V0h1000v6.1L500,98.9z\"\/>\n<\/svg>\t\t<\/div>\n\t\t<div class=\"elementor-element elementor-element-2ba4074 e-con-full e-flex e-con e-child\" data-id=\"2ba4074\" data-element_type=\"container\" data-e-type=\"container\">\n\t\t\t\t<div class=\"elementor-element elementor-element-26dbad3 elementor-hidden-tablet elementor-hidden-mobile elementor-widget elementor-widget-image\" data-id=\"26dbad3\" data-element_type=\"widget\" data-e-type=\"widget\" data-widget_type=\"image.default\">\n\t\t\t\t<div class=\"elementor-widget-container\">\n\t\t\t\t\t\t\t\t\t\t\t\t\t\t\t<img decoding=\"async\" width=\"1745\" height=\"566\" src=\"https:\/\/zupreem.eu.com\/wp-content\/uploads\/2023\/08\/Zupreem-Avian-Bird-Seeds.png\" class=\"attachment-full size-full wp-image-7957\" alt=\"\" srcset=\"https:\/\/zupreem.eu.com\/wp-content\/uploads\/2023\/08\/Zupreem-Avian-Bird-Seeds.png 1745w, https:\/\/zupreem.eu.com\/wp-content\/uploads\/2023\/08\/Zupreem-Avian-Bird-Seeds-600x195.png 600w, https:\/\/zupreem.eu.com\/wp-content\/uploads\/2023\/08\/Zupreem-Avian-Bird-Seeds-300x97.png 300w, https:\/\/zupreem.eu.com\/wp-content\/uploads\/2023\/08\/Zupreem-Avian-Bird-Seeds-1024x332.png 1024w, https:\/\/zupreem.eu.com\/wp-content\/uploads\/2023\/08\/Zupreem-Avian-Bird-Seeds-768x249.png 768w, https:\/\/zupreem.eu.com\/wp-content\/uploads\/2023\/08\/Zupreem-Avian-Bird-Seeds-1536x498.png 1536w\" sizes=\"(max-width: 1745px) 100vw, 1745px\" \/>\t\t\t\t\t\t\t\t\t\t\t\t\t\t\t<\/div>\n\t\t\t\t<\/div>\n\t\t<div class=\"elementor-element elementor-element-8e5b16b e-con-full e-flex e-con e-child\" data-id=\"8e5b16b\" data-element_type=\"container\" data-e-type=\"container\">\n\t\t<div class=\"elementor-element elementor-element-5560c94 e-con-full elementor-hidden-tablet e-flex e-con e-child\" data-id=\"5560c94\" data-element_type=\"container\" data-e-type=\"container\">\n\t\t\t\t<\/div>\n\t\t<div class=\"elementor-element elementor-element-06fe2d1 e-con-full e-flex e-con e-child\" data-id=\"06fe2d1\" data-element_type=\"container\" data-e-type=\"container\">\n\t\t\t\t<div class=\"elementor-element elementor-element-6716ed4 elementor-widget elementor-widget-text-editor\" data-id=\"6716ed4\" data-element_type=\"widget\" data-e-type=\"widget\" data-widget_type=\"text-editor.default\">\n\t\t\t\t<div class=\"elementor-widget-container\">\n\t\t\t\t\t\t\t\t\t<p>Die Umstellung Ihres Vogels von K\u00f6rnern auf Pellets mag zun\u00e4chst schwierig erscheinen. Doch der Wechsel zu pelletiertem Futter lohnt sich f\u00fcr die Gesundheit und das Wohlbefinden Ihres Vogels. <\/p><p>Die meisten Vogeltier\u00e4rzte empfehlen eine pelletbasierte Ern\u00e4hrung, um Ihren Vogel aktiv zu halten, das Immunsystem zu st\u00e4rken und die allgemeine Gesundheit zu f\u00f6rdern.<\/p><p>Beginnen Sie die Umstellung noch heute mit einem unserer drei Feed Smart\u00ae Easy Start-Pl\u00e4ne, die auf die Bed\u00fcrfnisse Ihres Lebensstils und die Gewohnheiten Ihres Vogels zugeschnitten sind.<\/p>\t\t\t\t\t\t\t\t<\/div>\n\t\t\t\t<\/div>\n\t\t\t\t<\/div>\n\t\t<div class=\"elementor-element elementor-element-d511aef elementor-hidden-tablet e-flex e-con-boxed e-con e-child\" data-id=\"d511aef\" data-element_type=\"container\" data-e-type=\"container\">\n\t\t\t\t\t<div class=\"e-con-inner\">\n\t\t\t\t\t<\/div>\n\t\t\t\t<\/div>\n\t\t\t\t<\/div>\n\t\t\t\t<\/div>\n\t\t\t\t<\/div>\n\t\t<div class=\"elementor-element elementor-element-a5809eb e-flex e-con-boxed e-con e-parent\" data-id=\"a5809eb\" data-element_type=\"container\" data-e-type=\"container\">\n\t\t\t\t\t<div class=\"e-con-inner\">\n\t\t<div class=\"elementor-element elementor-element-a56f855 e-flex e-con-boxed e-con e-child\" data-id=\"a56f855\" data-element_type=\"container\" data-e-type=\"container\">\n\t\t\t\t\t<div class=\"e-con-inner\">\n\t\t\t\t<div class=\"elementor-element elementor-element-262ffa0 elementor-widget elementor-widget-image\" data-id=\"262ffa0\" data-element_type=\"widget\" data-e-type=\"widget\" data-widget_type=\"image.default\">\n\t\t\t\t<div class=\"elementor-widget-container\">\n\t\t\t\t\t\t\t\t\t\t\t\t\t\t\t<img decoding=\"async\" width=\"568\" height=\"439\" src=\"https:\/\/zupreem.eu.com\/wp-content\/uploads\/2023\/08\/Zupreem-Feed-Smart-Blue.png\" class=\"attachment-large size-large wp-image-7956\" alt=\"\" srcset=\"https:\/\/zupreem.eu.com\/wp-content\/uploads\/2023\/08\/Zupreem-Feed-Smart-Blue.png 568w, https:\/\/zupreem.eu.com\/wp-content\/uploads\/2023\/08\/Zupreem-Feed-Smart-Blue-300x232.png 300w\" sizes=\"(max-width: 568px) 100vw, 568px\" \/>\t\t\t\t\t\t\t\t\t\t\t\t\t\t\t<\/div>\n\t\t\t\t<\/div>\n\t\t\t\t<div class=\"elementor-element elementor-element-b9917a2 elementor-widget elementor-widget-heading\" data-id=\"b9917a2\" data-element_type=\"widget\" data-e-type=\"widget\" data-widget_type=\"heading.default\">\n\t\t\t\t<div class=\"elementor-widget-container\">\n\t\t\t\t\t<h2 class=\"elementor-heading-title elementor-size-default\">EINFACH STARTEN \u2013 PL\u00c4NE<\/h2>\t\t\t\t<\/div>\n\t\t\t\t<\/div>\n\t\t\t\t\t<\/div>\n\t\t\t\t<\/div>\n\t\t<div class=\"elementor-element elementor-element-2f2d4be e-flex e-con-boxed e-con e-child\" data-id=\"2f2d4be\" data-element_type=\"container\" data-e-type=\"container\">\n\t\t\t\t\t<div class=\"e-con-inner\">\n\t\t<div class=\"elementor-element elementor-element-81b7275 e-flex e-con-boxed e-con e-child\" data-id=\"81b7275\" data-element_type=\"container\" data-e-type=\"container\">\n\t\t\t\t\t<div class=\"e-con-inner\">\n\t\t<div class=\"elementor-element elementor-element-37ef53f e-flex e-con-boxed e-con e-child\" data-id=\"37ef53f\" data-element_type=\"container\" data-e-type=\"container\">\n\t\t\t\t\t<div class=\"e-con-inner\">\n\t\t\t\t<div class=\"elementor-element elementor-element-2e75bf5 elementor-widget elementor-widget-image\" data-id=\"2e75bf5\" data-element_type=\"widget\" data-e-type=\"widget\" data-widget_type=\"image.default\">\n\t\t\t\t<div class=\"elementor-widget-container\">\n\t\t\t\t\t\t\t\t\t\t\t\t\t\t\t<img loading=\"lazy\" decoding=\"async\" width=\"286\" height=\"203\" src=\"https:\/\/zupreem.eu.com\/wp-content\/uploads\/2023\/08\/Zupreem-Avian-Conversion-Tough-Love-Blue.png\" class=\"attachment-large size-large wp-image-7958\" alt=\"\" \/>\t\t\t\t\t\t\t\t\t\t\t\t\t\t\t<\/div>\n\t\t\t\t<\/div>\n\t\t\t\t\t<\/div>\n\t\t\t\t<\/div>\n\t\t\t\t<div class=\"elementor-element elementor-element-797d225 elementor-widget elementor-widget-heading\" data-id=\"797d225\" data-element_type=\"widget\" data-e-type=\"widget\" data-widget_type=\"heading.default\">\n\t\t\t\t<div class=\"elementor-widget-container\">\n\t\t\t\t\t<h2 class=\"elementor-heading-title elementor-size-default\">Lebensmittelaustausch<\/h2>\t\t\t\t<\/div>\n\t\t\t\t<\/div>\n\t\t<div class=\"elementor-element elementor-element-0ef5d2a e-flex e-con-boxed e-con e-child\" data-id=\"0ef5d2a\" data-element_type=\"container\" data-e-type=\"container\">\n\t\t\t\t\t<div class=\"e-con-inner\">\n\t\t\t\t<div class=\"elementor-element elementor-element-8ec713d elementor-widget elementor-widget-text-editor\" data-id=\"8ec713d\" data-element_type=\"widget\" data-e-type=\"widget\" data-widget_type=\"text-editor.default\">\n\t\t\t\t<div class=\"elementor-widget-container\">\n\t\t\t\t\t\t\t\t\t<p>Durch den Wechsel zwischen altem Futter, neuem Futter und Leckerlis gew\u00f6hnt sich Ihr Vogel an einen neuen, pelletbasierten F\u00fctterungsplan und entwickelt dabei eine f\u00fcr ihn erkennbare Routine.<\/p>\t\t\t\t\t\t\t\t<\/div>\n\t\t\t\t<\/div>\n\t\t\t\t\t<\/div>\n\t\t\t\t<\/div>\n\t\t\t\t<div class=\"elementor-element elementor-element-77adbb8 elementor-widget elementor-widget-heading\" data-id=\"77adbb8\" data-element_type=\"widget\" data-e-type=\"widget\" data-widget_type=\"heading.default\">\n\t\t\t\t<div class=\"elementor-widget-container\">\n\t\t\t\t\t<p class=\"elementor-heading-title elementor-size-default\">W\u00e4hlen Sie diesen Plan, wenn Ihr Vogel:<\/p>\t\t\t\t<\/div>\n\t\t\t\t<\/div>\n\t\t\t\t<div class=\"elementor-element elementor-element-5386c1d elementor-widget elementor-widget-text-editor\" data-id=\"5386c1d\" data-element_type=\"widget\" data-e-type=\"widget\" data-widget_type=\"text-editor.default\">\n\t\t\t\t<div class=\"elementor-widget-container\">\n\t\t\t\t\t\t\t\t\t<p>Die meisten Arten<\/p><p>Jedes Alter<\/p><p>Mag Leckereien<\/p><p>Akzeptiert neues Futter problemlos<\/p>\t\t\t\t\t\t\t\t<\/div>\n\t\t\t\t<\/div>\n\t\t\t\t<div class=\"elementor-element elementor-element-943620d elementor-align-center elementor-widget elementor-widget-button\" data-id=\"943620d\" data-element_type=\"widget\" data-e-type=\"widget\" data-widget_type=\"button.default\">\n\t\t\t\t<div class=\"elementor-widget-container\">\n\t\t\t\t\t\t\t\t\t<div class=\"elementor-button-wrapper\">\n\t\t\t\t\t<a class=\"elementor-button elementor-button-link elementor-size-sm\" href=\"\/avian-conversion\/tough-love\/\">\n\t\t\t\t\t\t<span class=\"elementor-button-content-wrapper\">\n\t\t\t\t\t\t\t\t\t<span class=\"elementor-button-text\">Plan anzeigen<\/span>\n\t\t\t\t\t<\/span>\n\t\t\t\t\t<\/a>\n\t\t\t\t<\/div>\n\t\t\t\t\t\t\t\t<\/div>\n\t\t\t\t<\/div>\n\t\t\t\t\t<\/div>\n\t\t\t\t<\/div>\n\t\t\t\t<div class=\"elementor-element elementor-element-51ddccb elementor-hidden-desktop elementor-hidden-tablet elementor-widget elementor-widget-spacer\" data-id=\"51ddccb\" data-element_type=\"widget\" data-e-type=\"widget\" data-widget_type=\"spacer.default\">\n\t\t\t\t<div class=\"elementor-widget-container\">\n\t\t\t\t\t\t\t<div class=\"elementor-spacer\">\n\t\t\t<div class=\"elementor-spacer-inner\"><\/div>\n\t\t<\/div>\n\t\t\t\t\t\t<\/div>\n\t\t\t\t<\/div>\n\t\t<div class=\"elementor-element elementor-element-caa684a e-flex e-con-boxed e-con e-child\" data-id=\"caa684a\" data-element_type=\"container\" data-e-type=\"container\">\n\t\t\t\t\t<div class=\"e-con-inner\">\n\t\t<div class=\"elementor-element elementor-element-4290b7a e-flex e-con-boxed e-con e-child\" data-id=\"4290b7a\" data-element_type=\"container\" data-e-type=\"container\">\n\t\t\t\t\t<div class=\"e-con-inner\">\n\t\t\t\t<div class=\"elementor-element elementor-element-ee0ea3e elementor-widget elementor-widget-image\" data-id=\"ee0ea3e\" data-element_type=\"widget\" data-e-type=\"widget\" data-widget_type=\"image.default\">\n\t\t\t\t<div class=\"elementor-widget-container\">\n\t\t\t\t\t\t\t\t\t\t\t\t\t\t\t<img loading=\"lazy\" decoding=\"async\" width=\"249\" height=\"217\" src=\"https:\/\/zupreem.eu.com\/wp-content\/uploads\/2023\/08\/Zupreem-Avian-Conversion-Slow-and-Steady-Blue.png\" class=\"attachment-large size-large wp-image-7959\" alt=\"\" \/>\t\t\t\t\t\t\t\t\t\t\t\t\t\t\t<\/div>\n\t\t\t\t<\/div>\n\t\t\t\t\t<\/div>\n\t\t\t\t<\/div>\n\t\t\t\t<div class=\"elementor-element elementor-element-92c9156 elementor-widget elementor-widget-heading\" data-id=\"92c9156\" data-element_type=\"widget\" data-e-type=\"widget\" data-widget_type=\"heading.default\">\n\t\t\t\t<div class=\"elementor-widget-container\">\n\t\t\t\t\t<h2 class=\"elementor-heading-title elementor-size-default\">Langsam und best\u00e4ndig<\/h2>\t\t\t\t<\/div>\n\t\t\t\t<\/div>\n\t\t<div class=\"elementor-element elementor-element-5c38128 e-flex e-con-boxed e-con e-child\" data-id=\"5c38128\" data-element_type=\"container\" data-e-type=\"container\">\n\t\t\t\t\t<div class=\"e-con-inner\">\n\t\t\t\t<div class=\"elementor-element elementor-element-8d6b9fe elementor-widget elementor-widget-text-editor\" data-id=\"8d6b9fe\" data-element_type=\"widget\" data-e-type=\"widget\" data-widget_type=\"text-editor.default\">\n\t\t\t\t<div class=\"elementor-widget-container\">\n\t\t\t\t\t\t\t\t\t<p>Im Laufe einer Woche wird Ihr Vogel schrittweise von seinem alten Futter auf ein neues, pelletbasiertes F\u00fctterungsschema umgestellt.<\/p>\t\t\t\t\t\t\t\t<\/div>\n\t\t\t\t<\/div>\n\t\t\t\t\t<\/div>\n\t\t\t\t<\/div>\n\t\t\t\t<div class=\"elementor-element elementor-element-58d15e8 elementor-widget elementor-widget-heading\" data-id=\"58d15e8\" data-element_type=\"widget\" data-e-type=\"widget\" data-widget_type=\"heading.default\">\n\t\t\t\t<div class=\"elementor-widget-container\">\n\t\t\t\t\t<p class=\"elementor-heading-title elementor-size-default\">W\u00e4hlen Sie diesen Plan, wenn Ihr Vogel:<\/p>\t\t\t\t<\/div>\n\t\t\t\t<\/div>\n\t\t\t\t<div class=\"elementor-element elementor-element-5fea251 elementor-widget elementor-widget-text-editor\" data-id=\"5fea251\" data-element_type=\"widget\" data-e-type=\"widget\" data-widget_type=\"text-editor.default\">\n\t\t\t\t<div class=\"elementor-widget-container\">\n\t\t\t\t\t\t\t\t\t<p>Ein Sittich oder gr\u00f6\u00dfer<\/p><p>\u00dcber 3 Jahre alt<\/p><p>Ein Vogel, der mit den F\u00fc\u00dfen frisst<\/p><p>Eine sch\u00fcchterne Pers\u00f6nlichkeit<\/p>\t\t\t\t\t\t\t\t<\/div>\n\t\t\t\t<\/div>\n\t\t\t\t<div class=\"elementor-element elementor-element-fef96df elementor-align-center elementor-widget elementor-widget-button\" data-id=\"fef96df\" data-element_type=\"widget\" data-e-type=\"widget\" data-widget_type=\"button.default\">\n\t\t\t\t<div class=\"elementor-widget-container\">\n\t\t\t\t\t\t\t\t\t<div class=\"elementor-button-wrapper\">\n\t\t\t\t\t<a class=\"elementor-button elementor-button-link elementor-size-sm\" href=\"\/avian-conversion\/slow-and-steady\/\">\n\t\t\t\t\t\t<span class=\"elementor-button-content-wrapper\">\n\t\t\t\t\t\t\t\t\t<span class=\"elementor-button-text\">Plan anzeigen<\/span>\n\t\t\t\t\t<\/span>\n\t\t\t\t\t<\/a>\n\t\t\t\t<\/div>\n\t\t\t\t\t\t\t\t<\/div>\n\t\t\t\t<\/div>\n\t\t\t\t\t<\/div>\n\t\t\t\t<\/div>\n\t\t\t\t<div class=\"elementor-element elementor-element-4a1b55a elementor-hidden-desktop elementor-hidden-tablet elementor-widget elementor-widget-spacer\" data-id=\"4a1b55a\" data-element_type=\"widget\" data-e-type=\"widget\" data-widget_type=\"spacer.default\">\n\t\t\t\t<div class=\"elementor-widget-container\">\n\t\t\t\t\t\t\t<div class=\"elementor-spacer\">\n\t\t\t<div class=\"elementor-spacer-inner\"><\/div>\n\t\t<\/div>\n\t\t\t\t\t\t<\/div>\n\t\t\t\t<\/div>\n\t\t<div class=\"elementor-element elementor-element-1137486 e-flex e-con-boxed e-con e-child\" data-id=\"1137486\" data-element_type=\"container\" data-e-type=\"container\">\n\t\t\t\t\t<div class=\"e-con-inner\">\n\t\t<div class=\"elementor-element elementor-element-f37f351 e-flex e-con-boxed e-con e-child\" data-id=\"f37f351\" data-element_type=\"container\" data-e-type=\"container\">\n\t\t\t\t\t<div class=\"e-con-inner\">\n\t\t\t\t<div class=\"elementor-element elementor-element-1e92c7a elementor-widget elementor-widget-image\" data-id=\"1e92c7a\" data-element_type=\"widget\" data-e-type=\"widget\" data-widget_type=\"image.default\">\n\t\t\t\t<div class=\"elementor-widget-container\">\n\t\t\t\t\t\t\t\t\t\t\t\t\t\t\t<img loading=\"lazy\" decoding=\"async\" width=\"209\" height=\"219\" src=\"https:\/\/zupreem.eu.com\/wp-content\/uploads\/2023\/08\/Zupreem-Avian-Conversion-Birdies-Choice-Blue.png\" class=\"attachment-large size-large wp-image-7960\" alt=\"\" \/>\t\t\t\t\t\t\t\t\t\t\t\t\t\t\t<\/div>\n\t\t\t\t<\/div>\n\t\t\t\t\t<\/div>\n\t\t\t\t<\/div>\n\t\t\t\t<div class=\"elementor-element elementor-element-090ac80 elementor-widget elementor-widget-heading\" data-id=\"090ac80\" data-element_type=\"widget\" data-e-type=\"widget\" data-widget_type=\"heading.default\">\n\t\t\t\t<div class=\"elementor-widget-container\">\n\t\t\t\t\t<h2 class=\"elementor-heading-title elementor-size-default\">Vom Vogel ausgew\u00e4hlt<\/h2>\t\t\t\t<\/div>\n\t\t\t\t<\/div>\n\t\t<div class=\"elementor-element elementor-element-a42997f e-flex e-con-boxed e-con e-child\" data-id=\"a42997f\" data-element_type=\"container\" data-e-type=\"container\">\n\t\t\t\t\t<div class=\"e-con-inner\">\n\t\t\t\t<div class=\"elementor-element elementor-element-f13c17c elementor-widget elementor-widget-text-editor\" data-id=\"f13c17c\" data-element_type=\"widget\" data-e-type=\"widget\" data-widget_type=\"text-editor.default\">\n\t\t\t\t<div class=\"elementor-widget-container\">\n\t\t\t\t\t\t\t\t\t<p>W\u00e4hlen Sie drei Pelletsorten aus und lassen Sie Ihren Vogel seinen neuen, pelletbasierten F\u00fctterungsplan schnell und ohne wochenlange Umstellung selbst bestimmen.<\/p>\t\t\t\t\t\t\t\t<\/div>\n\t\t\t\t<\/div>\n\t\t\t\t\t<\/div>\n\t\t\t\t<\/div>\n\t\t\t\t<div class=\"elementor-element elementor-element-4e23cb6 elementor-widget elementor-widget-heading\" data-id=\"4e23cb6\" data-element_type=\"widget\" data-e-type=\"widget\" data-widget_type=\"heading.default\">\n\t\t\t\t<div class=\"elementor-widget-container\">\n\t\t\t\t\t<p class=\"elementor-heading-title elementor-size-default\">W\u00e4hlen Sie diesen Plan, wenn Ihr Vogel:<\/p>\t\t\t\t<\/div>\n\t\t\t\t<\/div>\n\t\t\t\t<div class=\"elementor-element elementor-element-a391ce3 elementor-widget elementor-widget-text-editor\" data-id=\"a391ce3\" data-element_type=\"widget\" data-e-type=\"widget\" data-widget_type=\"text-editor.default\">\n\t\t\t\t<div class=\"elementor-widget-container\">\n\t\t\t\t\t\t\t\t\t<p>Nymphensittich oder kleiner<\/p><p>Unter 3 Jahren<\/p><p>Bodenfressende Arten<\/p><p>Fingerzahm<\/p>\t\t\t\t\t\t\t\t<\/div>\n\t\t\t\t<\/div>\n\t\t\t\t<div class=\"elementor-element elementor-element-86a1c6d elementor-align-center elementor-widget elementor-widget-button\" data-id=\"86a1c6d\" data-element_type=\"widget\" data-e-type=\"widget\" data-widget_type=\"button.default\">\n\t\t\t\t<div class=\"elementor-widget-container\">\n\t\t\t\t\t\t\t\t\t<div class=\"elementor-button-wrapper\">\n\t\t\t\t\t<a class=\"elementor-button elementor-button-link elementor-size-sm\" href=\"\/avian-conversion\/birdies-choice\/\">\n\t\t\t\t\t\t<span class=\"elementor-button-content-wrapper\">\n\t\t\t\t\t\t\t\t\t<span class=\"elementor-button-text\">Plan anzeigen<\/span>\n\t\t\t\t\t<\/span>\n\t\t\t\t\t<\/a>\n\t\t\t\t<\/div>\n\t\t\t\t\t\t\t\t<\/div>\n\t\t\t\t<\/div>\n\t\t\t\t\t<\/div>\n\t\t\t\t<\/div>\n\t\t\t\t\t<\/div>\n\t\t\t\t<\/div>\n\t\t\t\t\t<\/div>\n\t\t\t\t<\/div>\n\t\t<div class=\"elementor-element elementor-element-3f23a65 e-flex e-con-boxed e-con e-parent\" data-id=\"3f23a65\" data-element_type=\"container\" data-e-type=\"container\">\n\t\t\t\t\t<div class=\"e-con-inner\">\n\t\t\t\t<div class=\"elementor-element elementor-element-1dcc868 elementor-widget elementor-widget-text-editor\" data-id=\"1dcc868\" data-element_type=\"widget\" data-e-type=\"widget\" data-widget_type=\"text-editor.default\">\n\t\t\t\t<div class=\"elementor-widget-container\">\n\t\t\t\t\t\t\t\t\t<p>Vereinbaren Sie einen Termin mit Ihrem Tierarzt f\u00fcr eine allgemeine Gesundheitsuntersuchung, um sicherzustellen, dass Ihr Vogel keine Grunderkrankung hat, bevor Sie die Ern\u00e4hrung umstellen. Bei diesem Termin k\u00f6nnen Sie gemeinsam mit Ihrem Tierarzt das weitere Vorgehen besprechen. <\/p>\t\t\t\t\t\t\t\t<\/div>\n\t\t\t\t<\/div>\n\t\t\t\t\t<\/div>\n\t\t\t\t<\/div>\n\t\t\t\t<\/div>\n\t\t","protected":false},"excerpt":{"rendered":"<p>WECHSELN SIE ZU GESUNDEN PELLETS F\u00dcR IHREN VOGEL Die Umstellung Ihres Vogels von K\u00f6rnern auf Pellets mag zun\u00e4chst schwierig erscheinen. Doch der Wechsel zu pelletiertem Futter lohnt sich f\u00fcr die Gesundheit und das Wohlbefinden Ihres Vogels. Die meisten Vogeltier\u00e4rzte empfehlen eine pelletbasierte Ern\u00e4hrung, um Ihren Vogel aktiv zu halten, das Immunsystem zu st\u00e4rken und die [&hellip;]<\/p>\n","protected":false},"author":2,"featured_media":0,"parent":0,"menu_order":0,"comment_status":"closed","ping_status":"closed","template":"","meta":{"_acf_changed":false,"inline_featured_image":false,"_monsterinsights_skip_tracking":false,"_monsterinsights_sitenote_active":false,"_monsterinsights_sitenote_note":"","_monsterinsights_sitenote_category":0,"site-sidebar-layout":"no-sidebar","site-content-layout":"page-builder","ast-site-content-layout":"full-width-container","site-content-style":"unboxed","site-sidebar-style":"unboxed","ast-global-header-display":"","ast-banner-title-visibility":"","ast-main-header-display":"","ast-hfb-above-header-display":"","ast-hfb-below-header-display":"","ast-hfb-mobile-header-display":"","site-post-title":"disabled","ast-breadcrumbs-content":"","ast-featured-img":"disabled","footer-sml-layout":"","ast-disable-related-posts":"","theme-transparent-header-meta":"","adv-header-id-meta":"","stick-header-meta":"","header-above-stick-meta":"","header-main-stick-meta":"","header-below-stick-meta":"","astra-migrate-meta-layouts":"default","ast-page-background-enabled":"default","ast-page-background-meta":{"desktop":{"background-color":"var(--ast-global-color-4)","background-image":"","background-repeat":"repeat","background-position":"center center","background-size":"auto","background-attachment":"scroll","background-type":"","background-media":"","overlay-type":"","overlay-color":"","overlay-opacity":"","overlay-gradient":""},"tablet":{"background-color":"","background-image":"","background-repeat":"repeat","background-position":"center center","background-size":"auto","background-attachment":"scroll","background-type":"","background-media":"","overlay-type":"","overlay-color":"","overlay-opacity":"","overlay-gradient":""},"mobile":{"background-color":"","background-image":"","background-repeat":"repeat","background-position":"center center","background-size":"auto","background-attachment":"scroll","background-type":"","background-media":"","overlay-type":"","overlay-color":"","overlay-opacity":"","overlay-gradient":""}},"ast-content-background-meta":{"desktop":{"background-color":"var(--ast-global-color-5)","background-image":"","background-repeat":"repeat","background-position":"center center","background-size":"auto","background-attachment":"scroll","background-type":"","background-media":"","overlay-type":"","overlay-color":"","overlay-opacity":"","overlay-gradient":""},"tablet":{"background-color":"var(--ast-global-color-5)","background-image":"","background-repeat":"repeat","background-position":"center center","background-size":"auto","background-attachment":"scroll","background-type":"","background-media":"","overlay-type":"","overlay-color":"","overlay-opacity":"","overlay-gradient":""},"mobile":{"background-color":"var(--ast-global-color-5)","background-image":"","background-repeat":"repeat","background-position":"center center","background-size":"auto","background-attachment":"scroll","background-type":"","background-media":"","overlay-type":"","overlay-color":"","overlay-opacity":"","overlay-gradient":""}},"footnotes":""},"class_list":["post-7961","page","type-page","status-publish","hentry"],"acf":[],"_links":{"self":[{"href":"https:\/\/zupreem.eu.com\/de\/wp-json\/wp\/v2\/pages\/7961","targetHints":{"allow":["GET"]}}],"collection":[{"href":"https:\/\/zupreem.eu.com\/de\/wp-json\/wp\/v2\/pages"}],"about":[{"href":"https:\/\/zupreem.eu.com\/de\/wp-json\/wp\/v2\/types\/page"}],"author":[{"embeddable":true,"href":"https:\/\/zupreem.eu.com\/de\/wp-json\/wp\/v2\/users\/2"}],"replies":[{"embeddable":true,"href":"https:\/\/zupreem.eu.com\/de\/wp-json\/wp\/v2\/comments?post=7961"}],"version-history":[{"count":5,"href":"https:\/\/zupreem.eu.com\/de\/wp-json\/wp\/v2\/pages\/7961\/revisions"}],"predecessor-version":[{"id":9374,"href":"https:\/\/zupreem.eu.com\/de\/wp-json\/wp\/v2\/pages\/7961\/revisions\/9374"}],"wp:attachment":[{"href":"https:\/\/zupreem.eu.com\/de\/wp-json\/wp\/v2\/media?parent=7961"}],"curies":[{"name":"wp","href":"https:\/\/api.w.org\/{rel}","templated":true}]}}