{"id":9659,"date":"2024-02-08T04:26:04","date_gmt":"2024-02-08T04:26:04","guid":{"rendered":"https:\/\/zupreem.eu.com\/vekova-politika\/"},"modified":"2026-03-24T19:03:18","modified_gmt":"2026-03-24T19:03:18","slug":"vekova-politika","status":"publish","type":"page","link":"https:\/\/zupreem.eu.com\/cs\/vekova-politika\/","title":{"rendered":"V\u011bkov\u00e1 politika"},"content":{"rendered":"\t\t<div data-elementor-type=\"wp-page\" data-elementor-id=\"9659\" class=\"elementor elementor-9659 elementor-5976\" data-elementor-post-type=\"page\">\n\t\t\t\t<div class=\"elementor-element elementor-element-f42c335 e-flex e-con-boxed e-con e-parent\" data-id=\"f42c335\" data-element_type=\"container\" data-e-type=\"container\">\n\t\t\t\t\t<div class=\"e-con-inner\">\n\t\t\t\t<div class=\"elementor-element elementor-element-307342a elementor-widget elementor-widget-heading\" data-id=\"307342a\" data-element_type=\"widget\" data-e-type=\"widget\" data-widget_type=\"heading.default\">\n\t\t\t\t<div class=\"elementor-widget-container\">\n\t\t\t\t\t<h2 class=\"elementor-heading-title elementor-size-default\">V\u011bkov\u00e1 politika<\/h2>\t\t\t\t<\/div>\n\t\t\t\t<\/div>\n\t\t\t\t<div class=\"elementor-element elementor-element-a75d9f9 ugclink elementor-widget elementor-widget-text-editor\" data-id=\"a75d9f9\" data-element_type=\"widget\" data-e-type=\"widget\" data-widget_type=\"text-editor.default\">\n\t\t\t\t<div class=\"elementor-widget-container\">\n\t\t\t\t\t\t\t\t\t<p><strong>Podm\u00ednky pro obsah generovan\u00fd u\u017eivateli<\/strong><\/p><p>My (Zupreem d\/b\/a Compana Pet Brands neboli \u201eCompana\u201c) r\u00e1di komunikujeme s na\u0161imi spot\u0159ebiteli a majiteli dom\u00e1c\u00edch mazl\u00ed\u010dk\u016f a zaj\u00edm\u00e1 n\u00e1s, co \u0159\u00edk\u00e1te na sv\u00fdch \u00fa\u010dtech na soci\u00e1ln\u00edch s\u00edt\u00edch. \u010cas od \u010dasu najdeme obsah, kter\u00fd u\u017eivatel\u00e9 jako vy zve\u0159ej\u0148uj\u00ed na t\u011bchto r\u016fzn\u00fdch platform\u00e1ch, v\u010detn\u011b, ale nikoli v\u00fdhradn\u011b, Twitteru\/X, TikToku, Instagramu, Threads, Pinterestu, YouTube a Facebooku, kter\u00fd n\u00e1s oslovuje a kter\u00fd bychom r\u00e1di uk\u00e1zali ostatn\u00edm. Berete na v\u011bdom\u00ed, \u017ee takov\u00fd obsah m\u016f\u017ee zahrnovat fotografie, text, videa, grafiku a informace o v\u00e1s, jako je va\u0161e u\u017eivatelsk\u00e9 jm\u00e9no, osobn\u00ed jm\u00e9no, p\u0159ezd\u00edvka na soci\u00e1ln\u00edch s\u00edt\u00edch, v\u00e1\u0161 obr\u00e1zek, podoba, portr\u00e9t a zvuk va\u0161eho hlasu, jm\u00e9no, obr\u00e1zek a podoba va\u0161eho mazl\u00ed\u010dka a jak\u00e9koli jin\u00e9 fotografick\u00e9 nebo digit\u00e1ln\u00ed zn\u00e1zorn\u011bn\u00ed v\u00e1s a\/nebo va\u0161eho mazl\u00ed\u010dka atd., kter\u00e9 zp\u0159\u00edstupn\u00edte na online platform\u011b, ze kter\u00e9 je obsah z\u00edsk\u00e1v\u00e1n (souhrnn\u011b \u201eObsah\u201c). Tyto Podm\u00ednky pro obsah generovan\u00fd u\u017eivateli se t\u00fdkaj\u00ed toho, jak \u017e\u00e1d\u00e1me o v\u00e1\u0161 souhlas se sd\u00edlen\u00edm va\u0161eho obsahu, a podm\u00ednek, kter\u00e9 se na v\u00e1s i na n\u00e1s vztahuj\u00ed, kdy\u017e tak \u010din\u00edme.   <\/p><p>Pokud odpov\u00edte na na\u0161i \u017e\u00e1dost o povolen\u00ed k pou\u017eit\u00ed va\u0161eho obsahu s hashtagem <strong>#YesZuPreem<\/strong>, souhlas\u00edte s t\u011bmito Podm\u00ednkami pro u\u017eivatelsky generovan\u00fd obsah:<\/p><ol><li>Prohla\u0161ujete a zaru\u010dujete, \u017ee:<ol><li>Jste plnolet\u00fd\/\u00e1 osoba star\u0161\u00ed osmn\u00e1cti (18) let a m\u00e1te trval\u00fd pobyt ve Spojen\u00fdch st\u00e1tech americk\u00fdch (tj. v jejich pades\u00e1ti st\u00e1tech a v okrese Columbia);<\/li><li>Obsah je v\u00e1\u0161 origin\u00e1ln\u00ed a vy jste jeho v\u00fdhradn\u00edm vlastn\u00edkem, tv\u016frcem a\/nebo autorem;<\/li><li>Jste z\u00e1konn\u00fdm vlastn\u00edkem ka\u017ed\u00e9ho dom\u00e1c\u00edho mazl\u00ed\u010dka, kter\u00fd se objevuje v Obsahu;<\/li><li>M\u00e1te souhlas nebo povolen\u00ed od jak\u00e9koli osoby (osob) objevuj\u00edc\u00ed se v Obsahu, abyste n\u00e1m poskytli pr\u00e1va k pou\u017eit\u00ed Obsahu, jak je pops\u00e1no v t\u011bchto Podm\u00ednk\u00e1ch pro u\u017eivatelsky generovan\u00fd obsah. Pokud je takov\u00e1 osoba (osoby) nezletil\u00e1, m\u00e1te pr\u00e1vo ud\u011blit n\u00e1m povolen\u00ed k pou\u017eit\u00ed Obsahu jm\u00e9nem jak\u00e9koli nezletil\u00e9 osoby objevuj\u00edc\u00ed se v Obsahu; <\/li><li>P\u0159e\u010detli jste si a souhlas\u00edte s dodr\u017eov\u00e1n\u00edm v\u0161ech podm\u00ednek uveden\u00fdch v t\u011bchto Podm\u00ednk\u00e1ch pro u\u017eivatelsky generovan\u00fd obsah a v na\u0161ich Z\u00e1sad\u00e1ch ochrany osobn\u00edch \u00fadaj\u016f (<a href=\"https:\/\/companapetbrandsuk.com\/privacy\" target=\"_blank\" rel=\"noopener\">https:\/\/companapetbrandsuk.com\/privacy<\/a>); a<\/li><li>Od\u0161kodn\u00edte, budete n\u00e1s, na\u0161e p\u0159idru\u017een\u00e9 spole\u010dnosti a poskytovatele slu\u017eeb t\u0159et\u00edch stran chr\u00e1nit a ochr\u00e1n\u00edte p\u0159ed ve\u0161ker\u00fdmi n\u00e1roky, z\u00e1vazky, \u0161kodami, pokutami nebo jin\u00fdmi n\u00e1klady, v\u010detn\u011b p\u0159im\u011b\u0159en\u00fdch poplatk\u016f za pr\u00e1vn\u00ed zastoupen\u00ed vznikl\u00fdch v d\u016fsledku na\u0161eho dr\u017een\u00ed nebo pou\u017e\u00edv\u00e1n\u00ed jak\u00e9hokoli va\u0161eho obsahu.<\/li><\/ol><\/li><\/ol><ol start=\"2\"><li>T\u00edmto ud\u011blujete spole\u010dnosti Compana a jej\u00edm p\u0159idru\u017een\u00fdm spole\u010dnostem a dce\u0159in\u00fdm spole\u010dnostem nev\u00fdhradn\u00ed, bezplatnou, trvalou, neodvolatelnou, neomezenou, celosv\u011btovou a pln\u011b sublicencovatelnou licenci a pr\u00e1vo pou\u017e\u00edvat, reprodukovat, upravovat, adaptovat, publikovat, p\u0159ekl\u00e1dat, vytv\u00e1\u0159et odvozen\u00e1 d\u00edla, distribuovat a zobrazovat v\u00e1\u0161 Obsah. Takov\u00e9 pou\u017eit\u00ed spole\u010dnost\u00ed Compana m\u016f\u017ee prob\u00edhat v jak\u00e9mkoli m\u00e9diu, do kter\u00e9ho m\u016f\u017ee b\u00fdt v\u00e1\u0161 Obsah zahrnut vcelku, z\u010d\u00e1sti nebo slo\u017een\u011b, nebo jeho reprodukce proveden\u00e1 pro, mimo jin\u00e9, balen\u00ed produkt\u016f, zpr\u00e1vy, reklamu, propaga\u010dn\u00ed akce, vzd\u011bl\u00e1v\u00e1n\u00ed, obchod, jak\u00e1koli nov\u00e1 m\u00e9dia nebo technologie, kter\u00e9 budou k dispozici pozd\u011bji, nebo pro jak\u00fdkoli podobn\u00fd z\u00e1konn\u00fd \u00fa\u010del a bez dal\u0161\u00edho uv\u00e1\u017een\u00ed, s v\u00fdjimkou p\u0159\u00edpad\u016f, kdy je to z\u00e1konem zak\u00e1z\u00e1no (souhrnn\u011b \u201emateri\u00e1ly spole\u010dnosti Compana\u201c). Neexistuje \u017e\u00e1dn\u00e9 \u010dasov\u00e9 ani geografick\u00e9 omezen\u00ed, jak dlouho nebo kde m\u016f\u017ee b\u00fdt v\u00e1\u0161 Obsah publikov\u00e1n, distribuov\u00e1n nebo jinak pou\u017e\u00edv\u00e1n. T\u00edmto se vzd\u00e1v\u00e1te pr\u00e1va nahl\u00ed\u017eet do a\/nebo schvalovat Materi\u00e1ly spole\u010dnosti Compana, ve kter\u00fdch m\u016f\u017ee b\u00fdt Obsah pou\u017eit. Ve\u0161ker\u00fd Obsah poskytnut\u00fd spole\u010dnosti Compana za \u00fa\u010delem zahrnut\u00ed do jej\u00edch Materi\u00e1l\u016f spole\u010dnosti Compana se st\u00e1v\u00e1 majetkem spole\u010dnosti Compana a nebude v\u00e1m vr\u00e1cen. Bez ohledu na to v\u00e1m nic v tomto dokumentu nebr\u00e1n\u00ed v p\u00edsemn\u00e9 \u017e\u00e1dosti, aby spole\u010dnost Compana odstranila v\u00e1\u0161 Obsah z jak\u00fdchkoli Materi\u00e1l\u016f spole\u010dnosti Compana, kter\u00e9 jsou p\u0159im\u011b\u0159en\u011b pod jej\u00ed kontrolou. Po obdr\u017een\u00ed takov\u00e9 \u017e\u00e1dosti spole\u010dnost Compana vynalo\u017e\u00ed ve\u0161ker\u00e9 p\u0159im\u011b\u0159en\u00e9 \u00fasil\u00ed k odstran\u011bn\u00ed v\u0161ech p\u0159\u00edpad\u016f zahrnut\u00ed Obsahu v Materi\u00e1lech spole\u010dnosti Compana. Berete na v\u011bdom\u00ed, \u017ee spole\u010dnost Compana nemus\u00ed b\u00fdt schopna odstranit v\u0161echny p\u0159\u00edsp\u011bvky nebo zobrazen\u00ed Materi\u00e1l\u016f spole\u010dnosti Compana, kter\u00e9 obsahuj\u00ed dan\u00fd Obsah.       <\/li><\/ol><ol start=\"3\"><li>Souhlas\u00edte s t\u00edm, \u017ee nejsme povinni pou\u017e\u00edvat v\u00e1\u0161 Obsah ani va\u0161e jm\u00e9no \u010di jin\u00e9 identifika\u010dn\u00ed \u00fadaje. Pou\u017e\u00edv\u00e1n\u00ed Obsahu neznamen\u00e1 na\u0161i podporu ani jak\u00e9koli spojen\u00ed s v\u00e1mi. <\/li><\/ol><ol start=\"4\"><li>Berete na v\u011bdom\u00ed a souhlas\u00edte s t\u00edm, \u017ee za u\u017e\u00edv\u00e1n\u00ed Obsahu, jak je zde uvedeno, neobdr\u017e\u00edte \u017e\u00e1dnou pen\u011b\u017en\u00ed odm\u011bnu a \u017ee tyto Podm\u00ednky pro U\u017eivatelsk\u00fd Obsah nevytv\u00e1\u0159ej\u00ed \u017e\u00e1dn\u00fd typ v\u00fdslovn\u00e9 ani implicitn\u00ed pracovn\u00ed smlouvy ani pracovn\u00edho z\u00e1vazku.<\/li><\/ol><ol start=\"5\"><li>Na\u0161e shroma\u017e\u010fov\u00e1n\u00ed a pou\u017e\u00edv\u00e1n\u00ed va\u0161ich osobn\u00edch \u00fadaj\u016f se \u0159\u00edd\u00ed na\u0161imi <a href=\"https:\/\/companapetbrandsuk.com\/privacy\" target=\"_blank\" rel=\"noopener\">Z\u00e1sadami ochrany osobn\u00edch \u00fadaj\u016f<\/a>. Informace o typech osobn\u00edch \u00fadaj\u016f, kter\u00e9 shroma\u017e\u010fujeme, t\u0159et\u00edch stran\u00e1ch a poskytovatel\u00edch slu\u017eeb, se kter\u00fdmi m\u016f\u017eeme va\u0161e informace sd\u00edlet, na\u0161ich postupech uchov\u00e1v\u00e1n\u00ed \u00fadaj\u016f a ve\u0161ker\u00fdch pr\u00e1vech a mo\u017enostech, kter\u00e9 m\u00e1te v souvislosti se sv\u00fdmi osobn\u00edmi \u00fadaji, naleznete v na\u0161ich <a href=\"https:\/\/companapetbrandsuk.com\/privacy\" target=\"_blank\" rel=\"noopener\">Z\u00e1sad\u00e1ch ochrany osobn\u00edch \u00fadaj\u016f<\/a>. Poskytnut\u00edm osobn\u00edch \u00fadaj\u016f n\u00e1m souhlas\u00edte s t\u00edm, \u017ee m\u016f\u017eeme va\u0161e osobn\u00ed \u00fadaje zpracov\u00e1vat v souladu s na\u0161imi <a href=\"https:\/\/companapetbrandsuk.com\/privacy\" target=\"_blank\" rel=\"noopener\">Z\u00e1sadami ochrany osobn\u00edch \u00fadaj\u016f<\/a>.  <\/li><\/ol><ol start=\"6\"><li>T\u00edmto zpro\u0161\u0165ujete spole\u010dnost Compana odpov\u011bdnosti a zavazujete se, \u017ee ji nebudete \u017ealovat za jak\u00e9koli n\u00e1roky, po\u017eadavky a \u017ealobn\u00ed d\u016fvody, kter\u00e9 vy a\/nebo va\u0161i d\u011bdicov\u00e9, z\u00e1stupci, vykonavatel\u00e9 z\u00e1v\u011bti, spr\u00e1vci nebo jak\u00e9koli jin\u00e9 osoby jednaj\u00edc\u00ed jm\u00e9nem va\u0161\u00ed poz\u016fstalosti m\u00e1te nebo m\u016f\u017eete m\u00edt na z\u00e1klad\u011b tohoto zmocn\u011bn\u00ed; v\u010detn\u011b jak\u00e9hokoli n\u00e1roku nebo \u017ealobn\u00edho d\u016fvodu, a\u0165 u\u017e zn\u00e1m\u00e9ho \u010di nezn\u00e1m\u00e9ho, pro pomluvu, ur\u00e1\u017eku na cti, naru\u0161en\u00ed pr\u00e1va na soukrom\u00ed, publicitu nebo osobnost, nebo jak\u00e9hokoli jin\u00e9ho n\u00e1roku nebo \u017ealobn\u00edho d\u016fvodu, zalo\u017een\u00e9ho na v\u00fdkonu jak\u00e9hokoli pr\u00e1va uveden\u00e9ho v t\u011bchto Podm\u00ednk\u00e1ch pro u\u017eivatelsky generovan\u00fd obsah nebo s n\u00edm souvisej\u00edc\u00edho.<\/li><\/ol><ol start=\"7\"><li>Tyto Podm\u00ednky pro u\u017eivatelsky generovan\u00fd obsah stanov\u00ed \u00faplnou dohodu a porozum\u011bn\u00ed stran ohledn\u011b p\u0159edm\u011btu t\u00e9to smlouvy a nahrazuj\u00ed ve\u0161ker\u00e1 ostatn\u00ed \u00fastn\u00ed nebo p\u00edsemn\u00e1 prohl\u00e1\u0161en\u00ed a ujedn\u00e1n\u00ed. Souhlas\u00edte s t\u00edm, \u017ee na v\u0161echny z\u00e1le\u017eitosti t\u00fdkaj\u00edc\u00ed se t\u011bchto Podm\u00ednek pro u\u017eivatelsky generovan\u00fd obsah se bez ohledu na ustanoven\u00ed o volb\u011b pr\u00e1va vztahuj\u00ed z\u00e1kony Spojen\u00fdch st\u00e1t\u016f americk\u00fdch a vnit\u0159n\u00ed z\u00e1kony st\u00e1tu Missouri. Ve\u0161ker\u00e9 pr\u00e1vn\u00ed kroky nebo \u0159\u00edzen\u00ed t\u00fdkaj\u00edc\u00ed se pou\u017e\u00edv\u00e1n\u00ed t\u011bchto str\u00e1nek budou zah\u00e1jeny u st\u00e1tn\u00edho nebo feder\u00e1ln\u00edho soudu v Missouri. Souhlas\u00edte s t\u00edm, \u017ee se v jak\u00e9mkoli takov\u00e9m pr\u00e1vn\u00edm kroku nebo \u0159\u00edzen\u00ed pod\u0159\u00edd\u00edte jurisdikci t\u011bchto soud\u016f a p\u0159ijmete, \u017ee v nich bude p\u0159\u00edslu\u0161n\u00e1 m\u00edstn\u00ed p\u0159\u00edslu\u0161nost.   <\/li><\/ol>\t\t\t\t\t\t\t\t<\/div>\n\t\t\t\t<\/div>\n\t\t\t\t\t<\/div>\n\t\t\t\t<\/div>\n\t\t\t\t<\/div>\n\t\t","protected":false},"excerpt":{"rendered":"<p>V\u011bkov\u00e1 politika Podm\u00ednky pro obsah generovan\u00fd u\u017eivateli My (Zupreem d\/b\/a Compana Pet Brands neboli \u201eCompana\u201c) r\u00e1di komunikujeme s na\u0161imi spot\u0159ebiteli a majiteli dom\u00e1c\u00edch mazl\u00ed\u010dk\u016f a zaj\u00edm\u00e1 n\u00e1s, co \u0159\u00edk\u00e1te na sv\u00fdch \u00fa\u010dtech na soci\u00e1ln\u00edch s\u00edt\u00edch. \u010cas od \u010dasu najdeme obsah, kter\u00fd u\u017eivatel\u00e9 jako vy zve\u0159ej\u0148uj\u00ed na t\u011bchto r\u016fzn\u00fdch platform\u00e1ch, v\u010detn\u011b, ale nikoli v\u00fdhradn\u011b, Twitteru\/X, TikToku, [&hellip;]<\/p>\n","protected":false},"author":2,"featured_media":0,"parent":0,"menu_order":0,"comment_status":"closed","ping_status":"closed","template":"","meta":{"_acf_changed":false,"inline_featured_image":false,"_monsterinsights_skip_tracking":false,"_monsterinsights_sitenote_active":false,"_monsterinsights_sitenote_note":"","_monsterinsights_sitenote_category":0,"site-sidebar-layout":"no-sidebar","site-content-layout":"page-builder","ast-site-content-layout":"default","site-content-style":"default","site-sidebar-style":"default","ast-global-header-display":"","ast-banner-title-visibility":"","ast-main-header-display":"","ast-hfb-above-header-display":"","ast-hfb-below-header-display":"","ast-hfb-mobile-header-display":"","site-post-title":"disabled","ast-breadcrumbs-content":"","ast-featured-img":"disabled","footer-sml-layout":"","ast-disable-related-posts":"","theme-transparent-header-meta":"","adv-header-id-meta":"","stick-header-meta":"","header-above-stick-meta":"","header-main-stick-meta":"","header-below-stick-meta":"","astra-migrate-meta-layouts":"default","ast-page-background-enabled":"default","ast-page-background-meta":{"desktop":{"background-color":"var(--ast-global-color-4)","background-image":"","background-repeat":"repeat","background-position":"center center","background-size":"auto","background-attachment":"scroll","background-type":"","background-media":"","overlay-type":"","overlay-color":"","overlay-opacity":"","overlay-gradient":""},"tablet":{"background-color":"","background-image":"","background-repeat":"repeat","background-position":"center center","background-size":"auto","background-attachment":"scroll","background-type":"","background-media":"","overlay-type":"","overlay-color":"","overlay-opacity":"","overlay-gradient":""},"mobile":{"background-color":"","background-image":"","background-repeat":"repeat","background-position":"center center","background-size":"auto","background-attachment":"scroll","background-type":"","background-media":"","overlay-type":"","overlay-color":"","overlay-opacity":"","overlay-gradient":""}},"ast-content-background-meta":{"desktop":{"background-color":"var(--ast-global-color-5)","background-image":"","background-repeat":"repeat","background-position":"center center","background-size":"auto","background-attachment":"scroll","background-type":"","background-media":"","overlay-type":"","overlay-color":"","overlay-opacity":"","overlay-gradient":""},"tablet":{"background-color":"var(--ast-global-color-5)","background-image":"","background-repeat":"repeat","background-position":"center center","background-size":"auto","background-attachment":"scroll","background-type":"","background-media":"","overlay-type":"","overlay-color":"","overlay-opacity":"","overlay-gradient":""},"mobile":{"background-color":"var(--ast-global-color-5)","background-image":"","background-repeat":"repeat","background-position":"center center","background-size":"auto","background-attachment":"scroll","background-type":"","background-media":"","overlay-type":"","overlay-color":"","overlay-opacity":"","overlay-gradient":""}},"footnotes":""},"class_list":["post-9659","page","type-page","status-publish","hentry"],"acf":[],"_links":{"self":[{"href":"https:\/\/zupreem.eu.com\/cs\/wp-json\/wp\/v2\/pages\/9659","targetHints":{"allow":["GET"]}}],"collection":[{"href":"https:\/\/zupreem.eu.com\/cs\/wp-json\/wp\/v2\/pages"}],"about":[{"href":"https:\/\/zupreem.eu.com\/cs\/wp-json\/wp\/v2\/types\/page"}],"author":[{"embeddable":true,"href":"https:\/\/zupreem.eu.com\/cs\/wp-json\/wp\/v2\/users\/2"}],"replies":[{"embeddable":true,"href":"https:\/\/zupreem.eu.com\/cs\/wp-json\/wp\/v2\/comments?post=9659"}],"version-history":[{"count":1,"href":"https:\/\/zupreem.eu.com\/cs\/wp-json\/wp\/v2\/pages\/9659\/revisions"}],"predecessor-version":[{"id":9660,"href":"https:\/\/zupreem.eu.com\/cs\/wp-json\/wp\/v2\/pages\/9659\/revisions\/9660"}],"wp:attachment":[{"href":"https:\/\/zupreem.eu.com\/cs\/wp-json\/wp\/v2\/media?parent=9659"}],"curies":[{"name":"wp","href":"https:\/\/api.w.org\/{rel}","templated":true}]}}